{"id":7695,"date":"2024-03-30T11:53:07","date_gmt":"2024-03-30T11:53:07","guid":{"rendered":"https:\/\/pinedesign.nl\/product\/sessel-fendy\/"},"modified":"2024-03-30T11:53:07","modified_gmt":"2024-03-30T11:53:07","slug":"sessel-fendy","status":"publish","type":"product","link":"https:\/\/pinedesign.nl\/de\/product\/sessel-fendy\/","title":{"rendered":"Sessel Fendy"},"content":{"rendered":"<p>Entdecke die ultimative Kombination aus Stil und Komfort mit dem Sessel Ilona von DS Meubel. Dieser wundersch\u00f6ne Sessel bietet ein herrliches Sitzerlebnis, perfekt f\u00fcr entspannte Momente zu Hause. Mit seinem eleganten schwarzen Drehfu\u00df strahlt dieses Modell Leichtigkeit aus, w\u00e4hrend die doppelte Polsterung dem Design eine spielerische Note verleiht. Der Doodle-Stoff l\u00e4dt zu stundenlangem Loungen mit Stil ein. Entdecke die Vielseitigkeit des Sessels Ilona, erh\u00e4ltlich sowohl in Vollleder als auch in komplettem Stoff.    <\/p>\n","protected":false},"excerpt":{"rendered":"<p>Entdecke die ultimative Kombination aus Stil und Komfort mit dem Sessel Ilona von DS Meubel. Dieser wundersch\u00f6ne Sessel bietet ein herrliches Sitzerlebnis, perfekt f\u00fcr entspannte Momente zu Hause. Mit seinem eleganten schwarzen Drehfu\u00df strahlt dieses Modell Leichtigkeit aus, w\u00e4hrend die doppelte Polsterung dem Design eine spielerische Note verleiht. Der Doodle-Stoff l\u00e4dt zu stundenlangem Loungen mit Stil ein. Entdecke die Vielseitigkeit des Sessels Ilona, erh\u00e4ltlich sowohl in Vollleder als auch in komplettem Stoff.    <\/p>\n","protected":false},"featured_media":5260,"template":"","meta":{"_joinchat":[]},"product_brand":[],"product_cat":[146,136,130,124,107],"product_tag":[],"class_list":{"0":"post-7695","1":"product","2":"type-product","3":"status-publish","4":"has-post-thumbnail","6":"product_cat-ds-meubel","7":"product_cat-marken","8":"product_cat-sessel","9":"product_cat-sitzmobel","10":"product_cat-nicht-kategorisiert","12":"first","13":"instock","14":"shipping-taxable","15":"product-type-simple"},"_links":{"self":[{"href":"https:\/\/pinedesign.nl\/de\/wp-json\/wp\/v2\/product\/7695","targetHints":{"allow":["GET"]}}],"collection":[{"href":"https:\/\/pinedesign.nl\/de\/wp-json\/wp\/v2\/product"}],"about":[{"href":"https:\/\/pinedesign.nl\/de\/wp-json\/wp\/v2\/types\/product"}],"wp:featuredmedia":[{"embeddable":true,"href":"https:\/\/pinedesign.nl\/de\/wp-json\/wp\/v2\/media\/5260"}],"wp:attachment":[{"href":"https:\/\/pinedesign.nl\/de\/wp-json\/wp\/v2\/media?parent=7695"}],"wp:term":[{"taxonomy":"product_brand","embeddable":true,"href":"https:\/\/pinedesign.nl\/de\/wp-json\/wp\/v2\/product_brand?post=7695"},{"taxonomy":"product_cat","embeddable":true,"href":"https:\/\/pinedesign.nl\/de\/wp-json\/wp\/v2\/product_cat?post=7695"},{"taxonomy":"product_tag","embeddable":true,"href":"https:\/\/pinedesign.nl\/de\/wp-json\/wp\/v2\/product_tag?post=7695"}],"curies":[{"name":"wp","href":"https:\/\/api.w.org\/{rel}","templated":true}]}}