{"id":7694,"date":"2024-04-02T12:17:01","date_gmt":"2024-04-02T12:17:01","guid":{"rendered":"https:\/\/pinedesign.nl\/product\/esszimmerbank-nicole\/"},"modified":"2024-04-02T12:17:01","modified_gmt":"2024-04-02T12:17:01","slug":"esszimmerbank-nicole","status":"publish","type":"product","link":"https:\/\/pinedesign.nl\/de\/product\/esszimmerbank-nicole\/","title":{"rendered":"Esszimmerbank Nicole"},"content":{"rendered":"<p>Entdecke die Vielseitigkeit und den Komfort der Esszimmerbank Nicole. Dank der gro\u00dfen Auswahl an Stoffen und Lederarten sowie verschiedenen Breiten l\u00e4sst sich diese Bank perfekt an deinen pers\u00f6nlichen Stil und Raum anpassen. Genie\u00dfe ein herrlich bequemes Sitzerlebnis bei langen Abendessen oder gem\u00fctlichen Gespr\u00e4chen mit Freunden und Familie. Mit ihrem sch\u00f6nen Design verleiht die Esszimmerbank Nicole deinem Esszimmer zudem eine stilvolle Note.   <\/p>\n","protected":false},"excerpt":{"rendered":"<p>Entdecke die Vielseitigkeit und den Komfort der Esszimmerbank Nicole. Dank der gro\u00dfen Auswahl an Stoffen und Lederarten sowie verschiedenen Breiten l\u00e4sst sich diese Bank perfekt an deinen pers\u00f6nlichen Stil und Raum anpassen. Genie\u00dfe ein herrlich bequemes Sitzerlebnis bei langen Abendessen oder gem\u00fctlichen Gespr\u00e4chen mit Freunden und Familie. Mit ihrem sch\u00f6nen Design verleiht die Esszimmerbank Nicole deinem Esszimmer zudem eine stilvolle Note.   <\/p>\n","protected":false},"featured_media":5278,"template":"","meta":{"_joinchat":[]},"product_brand":[],"product_cat":[146,127,136,124],"product_tag":[],"class_list":{"0":"post-7694","1":"product","2":"type-product","3":"status-publish","4":"has-post-thumbnail","6":"product_cat-ds-meubel","7":"product_cat-esszimmerbanke","8":"product_cat-marken","9":"product_cat-sitzmobel","11":"first","12":"instock","13":"shipping-taxable","14":"product-type-simple"},"_links":{"self":[{"href":"https:\/\/pinedesign.nl\/de\/wp-json\/wp\/v2\/product\/7694","targetHints":{"allow":["GET"]}}],"collection":[{"href":"https:\/\/pinedesign.nl\/de\/wp-json\/wp\/v2\/product"}],"about":[{"href":"https:\/\/pinedesign.nl\/de\/wp-json\/wp\/v2\/types\/product"}],"wp:featuredmedia":[{"embeddable":true,"href":"https:\/\/pinedesign.nl\/de\/wp-json\/wp\/v2\/media\/5278"}],"wp:attachment":[{"href":"https:\/\/pinedesign.nl\/de\/wp-json\/wp\/v2\/media?parent=7694"}],"wp:term":[{"taxonomy":"product_brand","embeddable":true,"href":"https:\/\/pinedesign.nl\/de\/wp-json\/wp\/v2\/product_brand?post=7694"},{"taxonomy":"product_cat","embeddable":true,"href":"https:\/\/pinedesign.nl\/de\/wp-json\/wp\/v2\/product_cat?post=7694"},{"taxonomy":"product_tag","embeddable":true,"href":"https:\/\/pinedesign.nl\/de\/wp-json\/wp\/v2\/product_tag?post=7694"}],"curies":[{"name":"wp","href":"https:\/\/api.w.org\/{rel}","templated":true}]}}