{"id":7689,"date":"2024-03-26T13:22:43","date_gmt":"2024-03-26T13:22:43","guid":{"rendered":"https:\/\/pinedesign.nl\/product\/dante\/"},"modified":"2024-03-26T13:22:43","modified_gmt":"2024-03-26T13:22:43","slug":"dante","status":"publish","type":"product","link":"https:\/\/pinedesign.nl\/de\/product\/dante\/","title":{"rendered":"Dante"},"content":{"rendered":"<p>Entdecke die perfekte Kombination aus Stil und Komfort mit dem Dante von Cartel Living. Dieses wundersch\u00f6ne Sofa ist ein Meisterwerk der Handwerkskunst, komplett fest gepolstert und in einer Vielzahl hochwertiger Stoffe und Lederarten erh\u00e4ltlich. Mit seinen raffinierten Details und seiner charakteristischen Ausstrahlung verleiht das Dante jedem Interieur einen Hauch von Eleganz.  <\/p>\n<p>Dank der hohen F\u00fc\u00dfe wirkt das Dante luftig im Raum, wodurch ein Gef\u00fchl von Weite und Offenheit entsteht.<\/p>\n<p>Lass dich von den M\u00f6glichkeiten inspirieren und verleihe deinem Wohnraum mit dem Dante von Cartel Living eine pers\u00f6nliche Note. Komfortabel, stilvoll und voller Charakter \u2013 das Dante ist mehr als nur ein Sofa, es ist ein Statement in deiner Einrichtung. <\/p>\n","protected":false},"excerpt":{"rendered":"<p>Entdecke die perfekte Kombination aus Stil und Komfort mit dem Dante von Cartel Living. Dieses wundersch\u00f6ne Sofa ist ein Meisterwerk der Handwerkskunst, komplett fest gepolstert und in einer Vielzahl hochwertiger Stoffe und Lederarten erh\u00e4ltlich. Mit seinen raffinierten Details und seiner charakteristischen Ausstrahlung verleiht das Dante jedem Interieur einen Hauch von Eleganz.  <\/p>\n<p>Dank der hohen F\u00fc\u00dfe wirkt das Dante luftig im Raum, wodurch ein Gef\u00fchl von Weite und Offenheit entsteht.<\/p>\n<p>Lass dich von den M\u00f6glichkeiten inspirieren und verleihe deinem Wohnraum mit dem Dante von Cartel Living eine pers\u00f6nliche Note. Komfortabel, stilvoll und voller Charakter \u2013 das Dante ist mehr als nur ein Sofa, es ist ein Statement in deiner Einrichtung. <\/p>\n","protected":false},"featured_media":5257,"template":"","meta":{"_joinchat":[]},"product_brand":[],"product_cat":[133,136,124,125,134],"product_tag":[],"class_list":{"0":"post-7689","1":"product","2":"type-product","3":"status-publish","4":"has-post-thumbnail","6":"product_cat-cartel-living","7":"product_cat-marken","8":"product_cat-sitzmobel","9":"product_cat-sofa","10":"product_cat-sofas","12":"first","13":"instock","14":"shipping-taxable","15":"product-type-simple"},"_links":{"self":[{"href":"https:\/\/pinedesign.nl\/de\/wp-json\/wp\/v2\/product\/7689","targetHints":{"allow":["GET"]}}],"collection":[{"href":"https:\/\/pinedesign.nl\/de\/wp-json\/wp\/v2\/product"}],"about":[{"href":"https:\/\/pinedesign.nl\/de\/wp-json\/wp\/v2\/types\/product"}],"wp:featuredmedia":[{"embeddable":true,"href":"https:\/\/pinedesign.nl\/de\/wp-json\/wp\/v2\/media\/5257"}],"wp:attachment":[{"href":"https:\/\/pinedesign.nl\/de\/wp-json\/wp\/v2\/media?parent=7689"}],"wp:term":[{"taxonomy":"product_brand","embeddable":true,"href":"https:\/\/pinedesign.nl\/de\/wp-json\/wp\/v2\/product_brand?post=7689"},{"taxonomy":"product_cat","embeddable":true,"href":"https:\/\/pinedesign.nl\/de\/wp-json\/wp\/v2\/product_cat?post=7689"},{"taxonomy":"product_tag","embeddable":true,"href":"https:\/\/pinedesign.nl\/de\/wp-json\/wp\/v2\/product_tag?post=7689"}],"curies":[{"name":"wp","href":"https:\/\/api.w.org\/{rel}","templated":true}]}}