{"id":7688,"date":"2024-04-02T12:08:30","date_gmt":"2024-04-02T12:08:30","guid":{"rendered":"https:\/\/pinedesign.nl\/product\/esszimmerstuhl-imke\/"},"modified":"2024-04-02T12:08:30","modified_gmt":"2024-04-02T12:08:30","slug":"esszimmerstuhl-imke","status":"publish","type":"product","link":"https:\/\/pinedesign.nl\/de\/product\/esszimmerstuhl-imke\/","title":{"rendered":"Esszimmerstuhl Imke"},"content":{"rendered":"<p>Setze ein Statement an deinem Esstisch mit dem Esszimmerstuhl Imke von DS Meubel. Dank des einzigartigen Designs mit offenen Armlehnen ist dieser Stuhl nicht nur eine wundersch\u00f6ne Erg\u00e4nzung f\u00fcr jedes Esszimmer, sondern auch perfekt als Beistellstuhl an anderen Orten im Haus. Mit einer gro\u00dfen Auswahl an Stoff- und Lederarten sowie verschiedenen Beinvarianten kannst du den Esszimmerstuhl Imke ganz nach deinem pers\u00f6nlichen Geschmack und Einrichtungsstil gestalten. Verleihe deinem Zuhause einen Hauch von Eleganz und Charakter mit dem Esszimmerstuhl Imke.   <\/p>\n","protected":false},"excerpt":{"rendered":"<p>Setze ein Statement an deinem Esstisch mit dem Esszimmerstuhl Imke von DS Meubel. Dank des einzigartigen Designs mit offenen Armlehnen ist dieser Stuhl nicht nur eine wundersch\u00f6ne Erg\u00e4nzung f\u00fcr jedes Esszimmer, sondern auch perfekt als Beistellstuhl an anderen Orten im Haus. Mit einer gro\u00dfen Auswahl an Stoff- und Lederarten sowie verschiedenen Beinvarianten kannst du den Esszimmerstuhl Imke ganz nach deinem pers\u00f6nlichen Geschmack und Einrichtungsstil gestalten. Verleihe deinem Zuhause einen Hauch von Eleganz und Charakter mit dem Esszimmerstuhl Imke.   <\/p>\n","protected":false},"featured_media":5273,"template":"","meta":{"_joinchat":[]},"product_brand":[],"product_cat":[146,128,136,124],"product_tag":[],"class_list":{"0":"post-7688","1":"product","2":"type-product","3":"status-publish","4":"has-post-thumbnail","6":"product_cat-ds-meubel","7":"product_cat-esszimmerstuhle","8":"product_cat-marken","9":"product_cat-sitzmobel","11":"first","12":"instock","13":"shipping-taxable","14":"product-type-simple"},"_links":{"self":[{"href":"https:\/\/pinedesign.nl\/de\/wp-json\/wp\/v2\/product\/7688","targetHints":{"allow":["GET"]}}],"collection":[{"href":"https:\/\/pinedesign.nl\/de\/wp-json\/wp\/v2\/product"}],"about":[{"href":"https:\/\/pinedesign.nl\/de\/wp-json\/wp\/v2\/types\/product"}],"wp:featuredmedia":[{"embeddable":true,"href":"https:\/\/pinedesign.nl\/de\/wp-json\/wp\/v2\/media\/5273"}],"wp:attachment":[{"href":"https:\/\/pinedesign.nl\/de\/wp-json\/wp\/v2\/media?parent=7688"}],"wp:term":[{"taxonomy":"product_brand","embeddable":true,"href":"https:\/\/pinedesign.nl\/de\/wp-json\/wp\/v2\/product_brand?post=7688"},{"taxonomy":"product_cat","embeddable":true,"href":"https:\/\/pinedesign.nl\/de\/wp-json\/wp\/v2\/product_cat?post=7688"},{"taxonomy":"product_tag","embeddable":true,"href":"https:\/\/pinedesign.nl\/de\/wp-json\/wp\/v2\/product_tag?post=7688"}],"curies":[{"name":"wp","href":"https:\/\/api.w.org\/{rel}","templated":true}]}}