{"id":7682,"date":"2024-03-26T13:12:35","date_gmt":"2024-03-26T13:12:35","guid":{"rendered":"https:\/\/pinedesign.nl\/product\/sofa-wills\/"},"modified":"2024-03-26T13:12:35","modified_gmt":"2024-03-26T13:12:35","slug":"sofa-wills","status":"publish","type":"product","link":"https:\/\/pinedesign.nl\/de\/product\/sofa-wills\/","title":{"rendered":"Sofa Wills"},"content":{"rendered":"<p>Wir haben das perfekte Sofa f\u00fcr deinen einzigartigen Stil: das Wills von Cartel Living. Mit seinen fest gepolsterten Elementen bietet das Wills ultimativen Komfort. In verschiedenen Konfigurationen und Gr\u00f6\u00dfen erh\u00e4ltlich, bietet das Wills endlose M\u00f6glichkeiten f\u00fcr deine W\u00fcnsche. Dank des Zwischenelements aus Eiche erh\u00e4lt dieses Sofa eine spielerische Ausstrahlung.   <\/p>\n<p>Lass deiner Kreativit\u00e4t freien Lauf und gestalte dein Traumsofa mit den zahlreichen verf\u00fcgbaren Kombinationen und Materialien. Ob gem\u00fctliches Ecksofa oder schlichte Lounge-Landschaft \u2013 das Wills passt sich m\u00fchelos deinem Wohnraum an. Entdecke die Vielseitigkeit und den Komfort des Wills und mach dein Wohnzimmer zum Herzst\u00fcck deines Zuhauses.  <\/p>\n","protected":false},"excerpt":{"rendered":"<p>Wir haben das perfekte Sofa f\u00fcr deinen einzigartigen Stil: das Wills von Cartel Living. Mit seinen fest gepolsterten Elementen bietet das Wills ultimativen Komfort. In verschiedenen Konfigurationen und Gr\u00f6\u00dfen erh\u00e4ltlich, bietet das Wills endlose M\u00f6glichkeiten f\u00fcr deine W\u00fcnsche. Dank des Zwischenelements aus Eiche erh\u00e4lt dieses Sofa eine spielerische Ausstrahlung.   <\/p>\n<p>Lass deiner Kreativit\u00e4t freien Lauf und gestalte dein Traumsofa mit den zahlreichen verf\u00fcgbaren Kombinationen und Materialien. Ob gem\u00fctliches Ecksofa oder schlichte Lounge-Landschaft \u2013 das Wills passt sich m\u00fchelos deinem Wohnraum an. Entdecke die Vielseitigkeit und den Komfort des Wills und mach dein Wohnzimmer zum Herzst\u00fcck deines Zuhauses.  <\/p>\n","protected":false},"featured_media":5250,"template":"","meta":{"_joinchat":[]},"product_brand":[],"product_cat":[133,136,124,125,134],"product_tag":[],"class_list":{"0":"post-7682","1":"product","2":"type-product","3":"status-publish","4":"has-post-thumbnail","6":"product_cat-cartel-living","7":"product_cat-marken","8":"product_cat-sitzmobel","9":"product_cat-sofa","10":"product_cat-sofas","12":"first","13":"instock","14":"shipping-taxable","15":"product-type-simple"},"_links":{"self":[{"href":"https:\/\/pinedesign.nl\/de\/wp-json\/wp\/v2\/product\/7682","targetHints":{"allow":["GET"]}}],"collection":[{"href":"https:\/\/pinedesign.nl\/de\/wp-json\/wp\/v2\/product"}],"about":[{"href":"https:\/\/pinedesign.nl\/de\/wp-json\/wp\/v2\/types\/product"}],"wp:featuredmedia":[{"embeddable":true,"href":"https:\/\/pinedesign.nl\/de\/wp-json\/wp\/v2\/media\/5250"}],"wp:attachment":[{"href":"https:\/\/pinedesign.nl\/de\/wp-json\/wp\/v2\/media?parent=7682"}],"wp:term":[{"taxonomy":"product_brand","embeddable":true,"href":"https:\/\/pinedesign.nl\/de\/wp-json\/wp\/v2\/product_brand?post=7682"},{"taxonomy":"product_cat","embeddable":true,"href":"https:\/\/pinedesign.nl\/de\/wp-json\/wp\/v2\/product_cat?post=7682"},{"taxonomy":"product_tag","embeddable":true,"href":"https:\/\/pinedesign.nl\/de\/wp-json\/wp\/v2\/product_tag?post=7682"}],"curies":[{"name":"wp","href":"https:\/\/api.w.org\/{rel}","templated":true}]}}