{"id":7681,"date":"2024-04-02T12:02:11","date_gmt":"2024-04-02T12:02:11","guid":{"rendered":"https:\/\/pinedesign.nl\/product\/eckbank-bruce\/"},"modified":"2024-04-02T12:02:11","modified_gmt":"2024-04-02T12:02:11","slug":"eckbank-bruce","status":"publish","type":"product","link":"https:\/\/pinedesign.nl\/de\/product\/eckbank-bruce\/","title":{"rendered":"Eckbank Bruce"},"content":{"rendered":"<p>Entdecke die Eckbank Bruce von DS Meubel. Mit ihrer bequemen Sitzfl\u00e4che und der hohen R\u00fcckenlehne bietet diese Esszimmerbank exzellenten Sitzkomfort \u2013 ideal f\u00fcr lange, gem\u00fctliche Abende mit Familie und Freunden. Die eleganten, luftigen Beine verleihen dem Design einen modernen Touch. Dank der verschiedenen Stoff- und Lederarten kannst du die Bank perfekt an deinen Geschmack und dein Interieur anpassen. Zudem ist die Bank Bruce in verschiedenen Gr\u00f6\u00dfen erh\u00e4ltlich, damit sie ideal in dein Esszimmer passt.   <\/p>\n","protected":false},"excerpt":{"rendered":"<p>Entdecke die Eckbank Bruce von DS Meubel. Mit ihrer bequemen Sitzfl\u00e4che und der hohen R\u00fcckenlehne bietet diese Esszimmerbank exzellenten Sitzkomfort \u2013 ideal f\u00fcr lange, gem\u00fctliche Abende mit Familie und Freunden. Die eleganten, luftigen Beine verleihen dem Design einen modernen Touch. Dank der verschiedenen Stoff- und Lederarten kannst du die Bank perfekt an deinen Geschmack und dein Interieur anpassen. Zudem ist die Bank Bruce in verschiedenen Gr\u00f6\u00dfen erh\u00e4ltlich, damit sie ideal in dein Esszimmer passt.   <\/p>\n","protected":false},"featured_media":5271,"template":"","meta":{"_joinchat":[]},"product_brand":[],"product_cat":[146,127,136,124],"product_tag":[],"class_list":{"0":"post-7681","1":"product","2":"type-product","3":"status-publish","4":"has-post-thumbnail","6":"product_cat-ds-meubel","7":"product_cat-esszimmerbanke","8":"product_cat-marken","9":"product_cat-sitzmobel","11":"first","12":"instock","13":"shipping-taxable","14":"product-type-simple"},"_links":{"self":[{"href":"https:\/\/pinedesign.nl\/de\/wp-json\/wp\/v2\/product\/7681","targetHints":{"allow":["GET"]}}],"collection":[{"href":"https:\/\/pinedesign.nl\/de\/wp-json\/wp\/v2\/product"}],"about":[{"href":"https:\/\/pinedesign.nl\/de\/wp-json\/wp\/v2\/types\/product"}],"wp:featuredmedia":[{"embeddable":true,"href":"https:\/\/pinedesign.nl\/de\/wp-json\/wp\/v2\/media\/5271"}],"wp:attachment":[{"href":"https:\/\/pinedesign.nl\/de\/wp-json\/wp\/v2\/media?parent=7681"}],"wp:term":[{"taxonomy":"product_brand","embeddable":true,"href":"https:\/\/pinedesign.nl\/de\/wp-json\/wp\/v2\/product_brand?post=7681"},{"taxonomy":"product_cat","embeddable":true,"href":"https:\/\/pinedesign.nl\/de\/wp-json\/wp\/v2\/product_cat?post=7681"},{"taxonomy":"product_tag","embeddable":true,"href":"https:\/\/pinedesign.nl\/de\/wp-json\/wp\/v2\/product_tag?post=7681"}],"curies":[{"name":"wp","href":"https:\/\/api.w.org\/{rel}","templated":true}]}}