{"id":7678,"date":"2024-04-02T11:39:39","date_gmt":"2024-04-02T11:39:39","guid":{"rendered":"https:\/\/pinedesign.nl\/product\/esszimmerbank-bruce\/"},"modified":"2024-04-02T11:39:39","modified_gmt":"2024-04-02T11:39:39","slug":"esszimmerbank-bruce","status":"publish","type":"product","link":"https:\/\/pinedesign.nl\/de\/product\/esszimmerbank-bruce\/","title":{"rendered":"Esszimmerbank Bruce"},"content":{"rendered":"<p>Entdecke die Esszimmerbank Bruce von DS Meubel. Mit ihrer bequemen Sitzfl\u00e4che und hohen R\u00fcckenlehne bietet sie exzellenten Sitzkomfort \u2013 ideal f\u00fcr lange, gesellige Abende mit Familie und Freunden. Die filigranen Beine verleihen dem Design eine moderne Note, w\u00e4hrend du die Bank durch verschiedene Stoff- und Lederarten an deinen Stil anpassen kannst. Zudem ist Bruce in verschiedenen Gr\u00f6\u00dfen erh\u00e4ltlich, passend f\u00fcr jedes Esszimmer.   <\/p>\n","protected":false},"excerpt":{"rendered":"<p>Entdecke die Esszimmerbank Bruce von DS Meubel. Mit ihrer bequemen Sitzfl\u00e4che und hohen R\u00fcckenlehne bietet sie exzellenten Sitzkomfort \u2013 ideal f\u00fcr lange, gesellige Abende mit Familie und Freunden. Die filigranen Beine verleihen dem Design eine moderne Note, w\u00e4hrend du die Bank durch various Stoff- und Lederarten an deinen Stil anpassen kannst. Zudem ist Bruce in verschiedenen Gr\u00f6\u00dfen erh\u00e4ltlich, passend f\u00fcr jedes Esszimmer.   <\/p>\n","protected":false},"featured_media":5268,"template":"","meta":{"_joinchat":[]},"product_brand":[],"product_cat":[146,127,136,124],"product_tag":[],"class_list":{"0":"post-7678","1":"product","2":"type-product","3":"status-publish","4":"has-post-thumbnail","6":"product_cat-ds-meubel","7":"product_cat-esszimmerbanke","8":"product_cat-marken","9":"product_cat-sitzmobel","11":"first","12":"instock","13":"shipping-taxable","14":"product-type-simple"},"_links":{"self":[{"href":"https:\/\/pinedesign.nl\/de\/wp-json\/wp\/v2\/product\/7678","targetHints":{"allow":["GET"]}}],"collection":[{"href":"https:\/\/pinedesign.nl\/de\/wp-json\/wp\/v2\/product"}],"about":[{"href":"https:\/\/pinedesign.nl\/de\/wp-json\/wp\/v2\/types\/product"}],"wp:featuredmedia":[{"embeddable":true,"href":"https:\/\/pinedesign.nl\/de\/wp-json\/wp\/v2\/media\/5268"}],"wp:attachment":[{"href":"https:\/\/pinedesign.nl\/de\/wp-json\/wp\/v2\/media?parent=7678"}],"wp:term":[{"taxonomy":"product_brand","embeddable":true,"href":"https:\/\/pinedesign.nl\/de\/wp-json\/wp\/v2\/product_brand?post=7678"},{"taxonomy":"product_cat","embeddable":true,"href":"https:\/\/pinedesign.nl\/de\/wp-json\/wp\/v2\/product_cat?post=7678"},{"taxonomy":"product_tag","embeddable":true,"href":"https:\/\/pinedesign.nl\/de\/wp-json\/wp\/v2\/product_tag?post=7678"}],"curies":[{"name":"wp","href":"https:\/\/api.w.org\/{rel}","templated":true}]}}