{"id":7677,"date":"2024-03-26T12:59:39","date_gmt":"2024-03-26T12:59:39","guid":{"rendered":"https:\/\/pinedesign.nl\/product\/beistelltisch-keet\/"},"modified":"2024-03-26T12:59:39","modified_gmt":"2024-03-26T12:59:39","slug":"beistelltisch-keet","status":"publish","type":"product","link":"https:\/\/pinedesign.nl\/de\/product\/beistelltisch-keet\/","title":{"rendered":"Beistelltisch Keet"},"content":{"rendered":"<p>Lerne das Modell Keet von DYYK kennen: geradlinig, direkt, aber mit einem Hauch von Geschmeidigkeit. Die subtilen Rundungen der Keramikplatte verleihen seiner Schlichtheit eine raffinierte Note. Kombiniert mit einem stilvollen und stabilen Zweibein-Gestell wird Keet zu einer eleganten Erg\u00e4nzung f\u00fcr jedes Interieur. Ob im Wohnzimmer, wo Funktionalit\u00e4t und Gem\u00fctlichkeit aufeinandertreffen \u2013 Keet strahlt \u00fcberall. Lass Keet deinen Raum mit seinem zeitlosen Charme und seiner Vielseitigkeit bereichern.    <\/p>\n","protected":false},"excerpt":{"rendered":"<p>Lerne das Modell Keet von DYYK kennen: geradlinig, direkt, aber mit einem Hauch von Geschmeidigkeit. Die subtilen Rundungen der Keramikplatte verleihen seiner Schlichtheit eine raffinierte Note. Kombiniert mit einem stilvollen und stabilen Zweibein-Gestell wird Keet zu einer eleganten Erg\u00e4nzung f\u00fcr jedes Interieur. Ob im Wohnzimmer, wo Funktionalit\u00e4t und Gem\u00fctlichkeit aufeinandertreffen \u2013 Keet strahlt \u00fcberall. Lass Keet deinen Raum mit seinem zeitlosen Charme und seiner Vielseitigkeit bereichern.    <\/p>\n","protected":false},"featured_media":5248,"template":"","meta":{"_joinchat":[]},"product_brand":[],"product_cat":[126,137,136,121],"product_tag":[],"class_list":{"0":"post-7677","1":"product","2":"type-product","3":"status-publish","4":"has-post-thumbnail","6":"product_cat-beistelltische","7":"product_cat-dyyk","8":"product_cat-marken","9":"product_cat-tische","11":"first","12":"instock","13":"shipping-taxable","14":"product-type-simple"},"_links":{"self":[{"href":"https:\/\/pinedesign.nl\/de\/wp-json\/wp\/v2\/product\/7677","targetHints":{"allow":["GET"]}}],"collection":[{"href":"https:\/\/pinedesign.nl\/de\/wp-json\/wp\/v2\/product"}],"about":[{"href":"https:\/\/pinedesign.nl\/de\/wp-json\/wp\/v2\/types\/product"}],"wp:featuredmedia":[{"embeddable":true,"href":"https:\/\/pinedesign.nl\/de\/wp-json\/wp\/v2\/media\/5248"}],"wp:attachment":[{"href":"https:\/\/pinedesign.nl\/de\/wp-json\/wp\/v2\/media?parent=7677"}],"wp:term":[{"taxonomy":"product_brand","embeddable":true,"href":"https:\/\/pinedesign.nl\/de\/wp-json\/wp\/v2\/product_brand?post=7677"},{"taxonomy":"product_cat","embeddable":true,"href":"https:\/\/pinedesign.nl\/de\/wp-json\/wp\/v2\/product_cat?post=7677"},{"taxonomy":"product_tag","embeddable":true,"href":"https:\/\/pinedesign.nl\/de\/wp-json\/wp\/v2\/product_tag?post=7677"}],"curies":[{"name":"wp","href":"https:\/\/api.w.org\/{rel}","templated":true}]}}