{"id":7671,"date":"2024-01-25T14:51:15","date_gmt":"2024-01-25T14:51:15","guid":{"rendered":"https:\/\/pinedesign.nl\/product\/sofa-nomad\/"},"modified":"2024-01-25T14:51:15","modified_gmt":"2024-01-25T14:51:15","slug":"sofa-nomad","status":"publish","type":"product","link":"https:\/\/pinedesign.nl\/de\/product\/sofa-nomad\/","title":{"rendered":"Sofa Nomad"},"content":{"rendered":"<p>Entdecke das ultimative Comforterlebnis mit dem Nomad Sofa von Cartel Living! Dieses stilvolle Sofa ist in einer Vielzahl von luxuri\u00f6sen Stoffen und Lederarten erh\u00e4ltlich, sodass du dein Traumsofa zusammenstellen kannst. Die eleganten, hohen F\u00fc\u00dfe verleihen dem Sofa eine luftige Ausstrahlung, w\u00e4hrend die feste Polsterung f\u00fcr einen nahtlosen Look sorgt. Mit unz\u00e4hligen Konfigurationen bietet Nomad endlose M\u00f6glichkeiten, deinen Wohnraum zu personalisieren. Besuche unser Gesch\u00e4ft und entdecke alle Optionen, die Nomad zu bieten hat!    <\/p>\n","protected":false},"excerpt":{"rendered":"<p>Entdecke das ultimative Comforterlebnis mit dem Nomad Sofa von Cartel Living! Dieses stilvolle Sofa ist in einer Vielzahl von luxuri\u00f6sen Stoffen und Lederarten erh\u00e4ltlich, sodass du dein Traumsofa zusammenstellen kannst. Die eleganten, hohen F\u00fc\u00dfe verleihen dem Sofa eine luftige Ausstrahlung, w\u00e4hrend die feste Polsterung f\u00fcr einen nahtlosen Look sorgt. Mit unz\u00e4hligen Konfigurationen bietet Nomad endlose M\u00f6glichkeiten, deinen Wohnraum zu personalisieren. Besuche unser Gesch\u00e4ft und entdecke alle Optionen, die Nomad zu bieten hat!    <\/p>\n","protected":false},"featured_media":4983,"template":"","meta":{"_joinchat":[]},"product_brand":[],"product_cat":[133,136,124,125,134],"product_tag":[],"class_list":{"0":"post-7671","1":"product","2":"type-product","3":"status-publish","4":"has-post-thumbnail","6":"product_cat-cartel-living","7":"product_cat-marken","8":"product_cat-sitzmobel","9":"product_cat-sofa","10":"product_cat-sofas","12":"first","13":"instock","14":"shipping-taxable","15":"product-type-simple"},"_links":{"self":[{"href":"https:\/\/pinedesign.nl\/de\/wp-json\/wp\/v2\/product\/7671","targetHints":{"allow":["GET"]}}],"collection":[{"href":"https:\/\/pinedesign.nl\/de\/wp-json\/wp\/v2\/product"}],"about":[{"href":"https:\/\/pinedesign.nl\/de\/wp-json\/wp\/v2\/types\/product"}],"wp:featuredmedia":[{"embeddable":true,"href":"https:\/\/pinedesign.nl\/de\/wp-json\/wp\/v2\/media\/4983"}],"wp:attachment":[{"href":"https:\/\/pinedesign.nl\/de\/wp-json\/wp\/v2\/media?parent=7671"}],"wp:term":[{"taxonomy":"product_brand","embeddable":true,"href":"https:\/\/pinedesign.nl\/de\/wp-json\/wp\/v2\/product_brand?post=7671"},{"taxonomy":"product_cat","embeddable":true,"href":"https:\/\/pinedesign.nl\/de\/wp-json\/wp\/v2\/product_cat?post=7671"},{"taxonomy":"product_tag","embeddable":true,"href":"https:\/\/pinedesign.nl\/de\/wp-json\/wp\/v2\/product_tag?post=7671"}],"curies":[{"name":"wp","href":"https:\/\/api.w.org\/{rel}","templated":true}]}}