{"id":7662,"date":"2024-01-23T13:01:25","date_gmt":"2024-01-23T13:01:25","guid":{"rendered":"https:\/\/pinedesign.nl\/product\/eastwood-cinewall\/"},"modified":"2024-01-23T13:01:25","modified_gmt":"2024-01-23T13:01:25","slug":"eastwood-cinewall","status":"publish","type":"product","link":"https:\/\/pinedesign.nl\/de\/product\/eastwood-cinewall\/","title":{"rendered":"Eastwood Cinewall"},"content":{"rendered":"","protected":false},"excerpt":{"rendered":"<p><span style=\"font-weight: 400;\">Perfektioniere dein Wohnzimmer mit der funktionalen und stilvollen Eastwood Cinewall.<\/span><\/p>\n<p><span style=\"font-weight: 400;\">Die Eastwood Cinewall ist eine individuell anpassbare Schrankwand mit unz\u00e4hligen M\u00f6glichkeiten. Ideal f\u00fcr eine elegante Erg\u00e4nzung deines Wohnraums.  <\/span><\/p>\n<p><span style=\"font-weight: 400;\">Das einzigartige Design macht sie zu einem echten Blickfang in deiner Einrichtung. Jedes Detail wurde sorgf\u00e4ltig verarbeitet, um dir den sch\u00f6nsten Anblick zu bieten. Dabei geht es nicht nur um die Optik, sondern auch um beste Qualit\u00e4t. Deshalb wurden hochwertige Materialien gew\u00e4hlt, damit du jahrelang Freude daran hast.   <\/span><\/p>\n<p><span style=\"font-weight: 400;\">Die verschiedenen Modelle bieten f\u00fcr jeden Entertainment-Bedarf die passende L\u00f6sung. Sie bieten genug Platz f\u00fcr deinen TV und weiteres Zubeh\u00f6r. M\u00f6chtest du den Fernseher lieber links oder rechts im Schrank? Kein Problem! Wir fertigen ihn ganz nach deinen W\u00fcnschen.    <\/span><\/p>\n<p><span style=\"font-weight: 400;\">Noch nicht \u00fcberzeugt? Schau in unserem Showroom vorbei und lass dich von unseren Kollegen beraten! <\/span><\/p>\n","protected":false},"featured_media":4942,"template":"","meta":{"_joinchat":[]},"product_brand":[],"product_cat":[136,115,120,131],"product_tag":[],"class_list":{"0":"post-7662","1":"product","2":"type-product","3":"status-publish","4":"has-post-thumbnail","6":"product_cat-marken","7":"product_cat-schranke","8":"product_cat-tv-mobel","9":"product_cat-wandschranke","11":"first","12":"instock","13":"shipping-taxable","14":"product-type-simple"},"_links":{"self":[{"href":"https:\/\/pinedesign.nl\/de\/wp-json\/wp\/v2\/product\/7662","targetHints":{"allow":["GET"]}}],"collection":[{"href":"https:\/\/pinedesign.nl\/de\/wp-json\/wp\/v2\/product"}],"about":[{"href":"https:\/\/pinedesign.nl\/de\/wp-json\/wp\/v2\/types\/product"}],"wp:featuredmedia":[{"embeddable":true,"href":"https:\/\/pinedesign.nl\/de\/wp-json\/wp\/v2\/media\/4942"}],"wp:attachment":[{"href":"https:\/\/pinedesign.nl\/de\/wp-json\/wp\/v2\/media?parent=7662"}],"wp:term":[{"taxonomy":"product_brand","embeddable":true,"href":"https:\/\/pinedesign.nl\/de\/wp-json\/wp\/v2\/product_brand?post=7662"},{"taxonomy":"product_cat","embeddable":true,"href":"https:\/\/pinedesign.nl\/de\/wp-json\/wp\/v2\/product_cat?post=7662"},{"taxonomy":"product_tag","embeddable":true,"href":"https:\/\/pinedesign.nl\/de\/wp-json\/wp\/v2\/product_tag?post=7662"}],"curies":[{"name":"wp","href":"https:\/\/api.w.org\/{rel}","templated":true}]}}