{"id":7656,"date":"2024-01-05T13:23:03","date_gmt":"2024-01-05T13:23:03","guid":{"rendered":"https:\/\/pinedesign.nl\/product\/sessel-barrow\/"},"modified":"2024-01-05T13:23:03","modified_gmt":"2024-01-05T13:23:03","slug":"sessel-barrow","status":"publish","type":"product","link":"https:\/\/pinedesign.nl\/de\/product\/sessel-barrow\/","title":{"rendered":"Sessel Barrow"},"content":{"rendered":"","protected":false},"excerpt":{"rendered":"<p><span style=\"font-weight: 400;\">Entspanne stilvoll mit dem Ethnicraft Barrow Sessel!<\/span><\/p>\n<p>&nbsp;<\/p>\n<p><span style=\"font-weight: 400;\">Mit seiner minimalistischen \u00c4sthetik strahlt der Barrow Sessel eine dezente Eleganz aus, die m\u00fchelos zu verschiedenen Einrichtungsstilen passt, von modern bis skandinavisch.<\/span><\/p>\n<p><span style=\"font-weight: 400;\">Ob beim Lesen, im Gespr\u00e4ch mit Freunden oder zum Abschalten nach einem langen Tag: Der Barrow Sessel bietet h\u00f6chsten Sitzkomfort. Die tiefe Sitzfl\u00e4che und die ergonomische R\u00fcckenlehne st\u00fctzen optimal, w\u00e4hrend die gro\u00dfz\u00fcgigen Ma\u00dfe zum Loungen einladen. <\/span><\/p>\n<p><span style=\"font-weight: 400;\">In verschiedenen Farben erh\u00e4ltlich \u2013 passend f\u00fcr jeden Raum.<\/span><\/p>\n<p><span style=\"font-weight: 400;\">Noch nicht \u00fcberzeugt? Besuche uns im Showroom, unsere Kollegen beraten dich gerne! <\/span><\/p>\n","protected":false},"featured_media":4860,"template":"","meta":{"_joinchat":[]},"product_brand":[],"product_cat":[145,136,130,124],"product_tag":[],"class_list":{"0":"post-7656","1":"product","2":"type-product","3":"status-publish","4":"has-post-thumbnail","6":"product_cat-ethnicraft","7":"product_cat-marken","8":"product_cat-sessel","9":"product_cat-sitzmobel","11":"first","12":"instock","13":"shipping-taxable","14":"product-type-simple"},"_links":{"self":[{"href":"https:\/\/pinedesign.nl\/de\/wp-json\/wp\/v2\/product\/7656","targetHints":{"allow":["GET"]}}],"collection":[{"href":"https:\/\/pinedesign.nl\/de\/wp-json\/wp\/v2\/product"}],"about":[{"href":"https:\/\/pinedesign.nl\/de\/wp-json\/wp\/v2\/types\/product"}],"wp:featuredmedia":[{"embeddable":true,"href":"https:\/\/pinedesign.nl\/de\/wp-json\/wp\/v2\/media\/4860"}],"wp:attachment":[{"href":"https:\/\/pinedesign.nl\/de\/wp-json\/wp\/v2\/media?parent=7656"}],"wp:term":[{"taxonomy":"product_brand","embeddable":true,"href":"https:\/\/pinedesign.nl\/de\/wp-json\/wp\/v2\/product_brand?post=7656"},{"taxonomy":"product_cat","embeddable":true,"href":"https:\/\/pinedesign.nl\/de\/wp-json\/wp\/v2\/product_cat?post=7656"},{"taxonomy":"product_tag","embeddable":true,"href":"https:\/\/pinedesign.nl\/de\/wp-json\/wp\/v2\/product_tag?post=7656"}],"curies":[{"name":"wp","href":"https:\/\/api.w.org\/{rel}","templated":true}]}}