{"id":7646,"date":"2023-12-14T15:02:58","date_gmt":"2023-12-14T15:02:58","guid":{"rendered":"https:\/\/pinedesign.nl\/product\/sessel-rocco\/"},"modified":"2023-12-14T15:02:58","modified_gmt":"2023-12-14T15:02:58","slug":"sessel-rocco","status":"publish","type":"product","link":"https:\/\/pinedesign.nl\/de\/product\/sessel-rocco\/","title":{"rendered":"Sessel Rocco"},"content":{"rendered":"<p>Lerne den eleganten Sessel Rocco von Dyyk kennen! Dieser vielseitige Stuhl bietet ultimativen Komfort, wahlweise mit hoher oder niedriger R\u00fcckenlehne. Personalisiere deinen Stil mit Optionen f\u00fcr drehbare oder feste Beine. Die schicken Untergestelle sind sowohl in Schwarz als auch in Sandfarbe erh\u00e4ltlich, sodass du den Sessel perfekt auf dein Interieur abstimmen kannst. Und als ob das noch nicht genug w\u00e4re, kannst du Rocco in verschiedenen Stoffen erstrahlen lassen. Komm in unserem Gesch\u00e4ft vorbei, um alle M\u00f6glichkeiten zu entdecken und dich von dieser wundersch\u00f6nen Kombination aus Komfort und Design inspirieren zu lassen!     <\/p>\n","protected":false},"excerpt":{"rendered":"<p>Lerne den eleganten Sessel Rocco von Dyyk kennen! Dieser vielseitige Stuhl bietet ultimativen Komfort, wahlweise mit hoher oder niedriger R\u00fcckenlehne. Personalisiere deinen Stil mit Optionen f\u00fcr drehbare oder feste Beine. Die schicken Untergestelle sind sowohl in Schwarz als auch in Sandfarbe erh\u00e4ltlich, sodass du den Sessel perfekt auf dein Interieur abstimmen kannst. Und als ob das noch nicht genug w\u00e4re, kannst du Rocco in verschiedenen Stoffen erstrahlen lassen. Komm in unserem Gesch\u00e4ft vorbei, um alle M\u00f6glichkeiten zu entdecken und dich von dieser wundersch\u00f6nen Kombination aus Komfort und Design inspirieren zu lassen!     <\/p>\n","protected":false},"featured_media":4795,"template":"","meta":{"_joinchat":[]},"product_brand":[],"product_cat":[137,136,130,124],"product_tag":[],"class_list":{"0":"post-7646","1":"product","2":"type-product","3":"status-publish","4":"has-post-thumbnail","6":"product_cat-dyyk","7":"product_cat-marken","8":"product_cat-sessel","9":"product_cat-sitzmobel","11":"first","12":"instock","13":"shipping-taxable","14":"product-type-simple"},"_links":{"self":[{"href":"https:\/\/pinedesign.nl\/de\/wp-json\/wp\/v2\/product\/7646","targetHints":{"allow":["GET"]}}],"collection":[{"href":"https:\/\/pinedesign.nl\/de\/wp-json\/wp\/v2\/product"}],"about":[{"href":"https:\/\/pinedesign.nl\/de\/wp-json\/wp\/v2\/types\/product"}],"wp:featuredmedia":[{"embeddable":true,"href":"https:\/\/pinedesign.nl\/de\/wp-json\/wp\/v2\/media\/4795"}],"wp:attachment":[{"href":"https:\/\/pinedesign.nl\/de\/wp-json\/wp\/v2\/media?parent=7646"}],"wp:term":[{"taxonomy":"product_brand","embeddable":true,"href":"https:\/\/pinedesign.nl\/de\/wp-json\/wp\/v2\/product_brand?post=7646"},{"taxonomy":"product_cat","embeddable":true,"href":"https:\/\/pinedesign.nl\/de\/wp-json\/wp\/v2\/product_cat?post=7646"},{"taxonomy":"product_tag","embeddable":true,"href":"https:\/\/pinedesign.nl\/de\/wp-json\/wp\/v2\/product_tag?post=7646"}],"curies":[{"name":"wp","href":"https:\/\/api.w.org\/{rel}","templated":true}]}}