{"id":7642,"date":"2023-11-04T11:13:54","date_gmt":"2023-11-04T11:13:54","guid":{"rendered":"https:\/\/pinedesign.nl\/product\/runder-esstisch-dutch\/"},"modified":"2023-11-04T11:13:54","modified_gmt":"2023-11-04T11:13:54","slug":"runder-esstisch-dutch","status":"publish","type":"product","link":"https:\/\/pinedesign.nl\/de\/product\/runder-esstisch-dutch\/","title":{"rendered":"Runder Esstisch Dutch"},"content":{"rendered":"<p>Entdecke die Vielseitigkeit unseres runden Esstisches Dutch! Mit einer gro\u00dfen Auswahl an Farboptionen und verschiedenen Gestellvarianten bieten wir endlose M\u00f6glichkeiten f\u00fcr deinen Traumtisch. Komm gerne vorbei und lass dich von den zahlreichen Optionen inspirieren. Mach dein Esszimmer zu einem echten Blickfang!   <\/p>\n","protected":false},"excerpt":{"rendered":"<p>Entdecke die Vielseitigkeit unseres runden Esstisches Dutch! Mit einer gro\u00dfen Auswahl an Farboptionen und verschiedenen Gestellvarianten bieten wir endlose M\u00f6glichkeiten f\u00fcr deinen Traumtisch. Komm gerne vorbei und lass dich von den zahlreichen Optionen inspirieren. Mach dein Esszimmer zu einem echten Blickfang!   <\/p>\n","protected":false},"featured_media":4521,"template":"","meta":{"_joinchat":[]},"product_brand":[],"product_cat":[122,121],"product_tag":[],"class_list":{"0":"post-7642","1":"product","2":"type-product","3":"status-publish","4":"has-post-thumbnail","6":"product_cat-esstische","7":"product_cat-tische","9":"first","10":"instock","11":"shipping-taxable","12":"product-type-simple"},"_links":{"self":[{"href":"https:\/\/pinedesign.nl\/de\/wp-json\/wp\/v2\/product\/7642","targetHints":{"allow":["GET"]}}],"collection":[{"href":"https:\/\/pinedesign.nl\/de\/wp-json\/wp\/v2\/product"}],"about":[{"href":"https:\/\/pinedesign.nl\/de\/wp-json\/wp\/v2\/types\/product"}],"wp:featuredmedia":[{"embeddable":true,"href":"https:\/\/pinedesign.nl\/de\/wp-json\/wp\/v2\/media\/4521"}],"wp:attachment":[{"href":"https:\/\/pinedesign.nl\/de\/wp-json\/wp\/v2\/media?parent=7642"}],"wp:term":[{"taxonomy":"product_brand","embeddable":true,"href":"https:\/\/pinedesign.nl\/de\/wp-json\/wp\/v2\/product_brand?post=7642"},{"taxonomy":"product_cat","embeddable":true,"href":"https:\/\/pinedesign.nl\/de\/wp-json\/wp\/v2\/product_cat?post=7642"},{"taxonomy":"product_tag","embeddable":true,"href":"https:\/\/pinedesign.nl\/de\/wp-json\/wp\/v2\/product_tag?post=7642"}],"curies":[{"name":"wp","href":"https:\/\/api.w.org\/{rel}","templated":true}]}}