{"id":7641,"date":"2023-12-05T13:57:00","date_gmt":"2023-12-05T13:57:00","guid":{"rendered":"https:\/\/pinedesign.nl\/product\/schrank-milano\/"},"modified":"2023-12-05T13:57:00","modified_gmt":"2023-12-05T13:57:00","slug":"schrank-milano","status":"publish","type":"product","link":"https:\/\/pinedesign.nl\/de\/product\/schrank-milano\/","title":{"rendered":"Schrank Milano"},"content":{"rendered":"<p>Der Eichenschrank Milano von Vermeer Meubelen verk\u00f6rpert zeitlose Klasse mit seinen charakteristischen abgerundeten Ecken und modernen Metallf\u00fc\u00dfen. Dieser Schrank verleiht deinem Raum nicht nur Funktionalit\u00e4t, sondern auch einen Hauch von Raffinesse. Dank einer breiten Farbpalette kannst du den Milano Schrank an deine pers\u00f6nlichen Vorlieben und dein Interieur anpassen. Ob rustikale Eiche, eine gewagte Farbe oder zeitloses Wei\u00df \u2013 der Milano Schrank f\u00fcgt sich m\u00fchelos in verschiedene Stile ein. Zudem bietet die optionale Beleuchtung eine zus\u00e4tzliche Dimension, die deine Lieblingsst\u00fccke ins rechte Licht r\u00fcckt und das Ambiente aufwertet. Milano steht f\u00fcr Vielseitigkeit und \u00c4sthetik und ist die perfekte Erg\u00e4nzung f\u00fcr dein Zuhause.     <\/p>\n","protected":false},"excerpt":{"rendered":"<p>Der Eichenschrank Milano von Vermeer Meubelen verk\u00f6rpert zeitlose Klasse mit seinen charakteristischen abgerundeten Ecken und modernen Metallf\u00fc\u00dfen. Dieser Schrank verleiht deinem Raum nicht nur Funktionalit\u00e4t, sondern auch einen Hauch von Raffinesse. Dank einer breiten Farbpalette kannst du den Milano Schrank an deine pers\u00f6nlichen Vorlieben und dein Interieur anpassen. Ob rustikale Eiche, eine gewagte Farbe oder zeitloses Wei\u00df \u2013 der Milano Schrank f\u00fcgt sich m\u00fchelos in verschiedene Stile ein. Zudem bietet die optionale Beleuchtung eine zus\u00e4tzliche Dimension, die deine Lieblingsst\u00fccke ins rechte Licht r\u00fcckt und das Ambiente aufwertet. Milano steht f\u00fcr Vielseitigkeit und \u00c4sthetik und ist die perfekte Erg\u00e4nzung f\u00fcr dein Zuhause.     <\/p>\n","protected":false},"featured_media":4750,"template":"","meta":{"_joinchat":[]},"product_brand":[],"product_cat":[136,115,132,131],"product_tag":[],"class_list":{"0":"post-7641","1":"product","2":"type-product","3":"status-publish","4":"has-post-thumbnail","6":"product_cat-marken","7":"product_cat-schranke","8":"product_cat-vermeer-meubelen","9":"product_cat-wandschranke","11":"first","12":"instock","13":"shipping-taxable","14":"product-type-simple"},"_links":{"self":[{"href":"https:\/\/pinedesign.nl\/de\/wp-json\/wp\/v2\/product\/7641","targetHints":{"allow":["GET"]}}],"collection":[{"href":"https:\/\/pinedesign.nl\/de\/wp-json\/wp\/v2\/product"}],"about":[{"href":"https:\/\/pinedesign.nl\/de\/wp-json\/wp\/v2\/types\/product"}],"wp:featuredmedia":[{"embeddable":true,"href":"https:\/\/pinedesign.nl\/de\/wp-json\/wp\/v2\/media\/4750"}],"wp:attachment":[{"href":"https:\/\/pinedesign.nl\/de\/wp-json\/wp\/v2\/media?parent=7641"}],"wp:term":[{"taxonomy":"product_brand","embeddable":true,"href":"https:\/\/pinedesign.nl\/de\/wp-json\/wp\/v2\/product_brand?post=7641"},{"taxonomy":"product_cat","embeddable":true,"href":"https:\/\/pinedesign.nl\/de\/wp-json\/wp\/v2\/product_cat?post=7641"},{"taxonomy":"product_tag","embeddable":true,"href":"https:\/\/pinedesign.nl\/de\/wp-json\/wp\/v2\/product_tag?post=7641"}],"curies":[{"name":"wp","href":"https:\/\/api.w.org\/{rel}","templated":true}]}}