{"id":7638,"date":"2023-10-03T10:44:18","date_gmt":"2023-10-03T10:44:18","guid":{"rendered":"https:\/\/pinedesign.nl\/product\/esszimmerstuhl-alea\/"},"modified":"2023-10-03T10:44:18","modified_gmt":"2023-10-03T10:44:18","slug":"esszimmerstuhl-alea","status":"publish","type":"product","link":"https:\/\/pinedesign.nl\/de\/product\/esszimmerstuhl-alea\/","title":{"rendered":"Esszimmerstuhl Alea"},"content":{"rendered":"<p>Der Esszimmerstuhl Alea von HE Design ist ein elegantes M\u00f6belst\u00fcck, das in verschiedenen Stoff- und Lederarten erh\u00e4ltlich ist. Mit seinen offenen Armlehnen strahlt der Stuhl Leichtigkeit und Verspieltheit aus, w\u00e4hrend seine schlanken Beine f\u00fcr einen sch\u00f6nen, modernen Look sorgen. Alea kombiniert Komfort und Stil und verleiht jedem Esszimmer einen Hauch von Raffinesse. Auch ohne Armlehnen lieferbar.   <\/p>\n<p>Komm bei uns vorbei, um dir alle M\u00f6glichkeiten anzusehen.<\/p>\n","protected":false},"excerpt":{"rendered":"<p>Der Esszimmerstuhl Alea von HE Design ist ein elegantes M\u00f6belst\u00fcck, das in verschiedenen Stoff- und Lederarten erh\u00e4ltlich ist. Mit seinen offenen Armlehnen strahlt der Stuhl Leichtigkeit und Verspieltheit aus, w\u00e4hrend seine schlanken Beine f\u00fcr einen sch\u00f6nen, modernen Look sorgen. Alea kombiniert Komfort und Stil und verleiht jedem Esszimmer einen Hauch von Raffinesse. Auch ohne Armlehnen lieferbar.   <\/p>\n<p>Komm bei uns vorbei, um dir alle M\u00f6glichkeiten anzusehen.<\/p>\n","protected":false},"featured_media":4399,"template":"","meta":{"_joinchat":[]},"product_brand":[],"product_cat":[128,143,136,124],"product_tag":[],"class_list":{"0":"post-7638","1":"product","2":"type-product","3":"status-publish","4":"has-post-thumbnail","6":"product_cat-esszimmerstuhle","7":"product_cat-he-design","8":"product_cat-marken","9":"product_cat-sitzmobel","11":"first","12":"instock","13":"shipping-taxable","14":"product-type-simple"},"_links":{"self":[{"href":"https:\/\/pinedesign.nl\/de\/wp-json\/wp\/v2\/product\/7638","targetHints":{"allow":["GET"]}}],"collection":[{"href":"https:\/\/pinedesign.nl\/de\/wp-json\/wp\/v2\/product"}],"about":[{"href":"https:\/\/pinedesign.nl\/de\/wp-json\/wp\/v2\/types\/product"}],"wp:featuredmedia":[{"embeddable":true,"href":"https:\/\/pinedesign.nl\/de\/wp-json\/wp\/v2\/media\/4399"}],"wp:attachment":[{"href":"https:\/\/pinedesign.nl\/de\/wp-json\/wp\/v2\/media?parent=7638"}],"wp:term":[{"taxonomy":"product_brand","embeddable":true,"href":"https:\/\/pinedesign.nl\/de\/wp-json\/wp\/v2\/product_brand?post=7638"},{"taxonomy":"product_cat","embeddable":true,"href":"https:\/\/pinedesign.nl\/de\/wp-json\/wp\/v2\/product_cat?post=7638"},{"taxonomy":"product_tag","embeddable":true,"href":"https:\/\/pinedesign.nl\/de\/wp-json\/wp\/v2\/product_tag?post=7638"}],"curies":[{"name":"wp","href":"https:\/\/api.w.org\/{rel}","templated":true}]}}