{"id":7637,"date":"2023-12-05T11:25:13","date_gmt":"2023-12-05T11:25:13","guid":{"rendered":"https:\/\/pinedesign.nl\/product\/tv-lowboard-milano\/"},"modified":"2023-12-05T11:25:13","modified_gmt":"2023-12-05T11:25:13","slug":"tv-lowboard-milano","status":"publish","type":"product","link":"https:\/\/pinedesign.nl\/de\/product\/tv-lowboard-milano\/","title":{"rendered":"TV-Lowboard Milano"},"content":{"rendered":"<p>Das Eichen-TV-Lowboard Milano von Vermeer Meubelen ist dank seiner eleganten abgerundeten Ecken und modernen Ausstrahlung eine stilvolle Bereicherung f\u00fcr jedes Interieur. Die Metallf\u00fc\u00dfe verleihen dem Board einen zeitgem\u00e4\u00dfen Touch und sorgen f\u00fcr eine subtile Erh\u00f6hung, wodurch das Ganze leicht und luftig wirkt. Erh\u00e4ltlich in einer breiten Farbpalette, bietet dieses Lowboard Auswahlm\u00f6glichkeiten, die zu verschiedenen Geschm\u00e4ckern und Einrichtungsstilen passen. Ob du dich f\u00fcr zeitloses Wei\u00df, warmes Eichenholz oder einen mutigen Farbakzent entscheidest \u2013 das Milano TV-Lowboard kombiniert Funktionalit\u00e4t mit \u00c4sthetik und ist damit die perfekte Erg\u00e4nzung f\u00fcr deinen Wohnraum.   <\/p>\n","protected":false},"excerpt":{"rendered":"<p>Das Eichen-TV-Lowboard Milano von Vermeer Meubelen ist dank seiner eleganten abgerundeten Ecken und modernen Ausstrahlung eine stilvolle Bereicherung f\u00fcr jedes Interieur. Die Metallf\u00fc\u00dfe verleihen dem Board einen zeitgem\u00e4\u00dfen Touch und sorgen f\u00fcr eine subtile Erh\u00f6hung, wodurch das Ganze leicht und luftig wirkt. Erh\u00e4ltlich in einer breiten Farbpalette, bietet dieses Lowboard Auswahlm\u00f6glichkeiten, die zu verschiedenen Geschm\u00e4ckern und Einrichtungsstilen passen. Ob du dich f\u00fcr zeitloses Wei\u00df, warmes Eichenholz oder einen mutigen Farbakzent entscheidest \u2013 das Milano TV-Lowboard kombiniert Funktionalit\u00e4t mit \u00c4sthetik und ist damit die perfekte Erg\u00e4nzung f\u00fcr deinen Wohnraum.   <\/p>\n","protected":false},"featured_media":4747,"template":"","meta":{"_joinchat":[]},"product_brand":[],"product_cat":[136,115,120,132],"product_tag":[],"class_list":{"0":"post-7637","1":"product","2":"type-product","3":"status-publish","4":"has-post-thumbnail","6":"product_cat-marken","7":"product_cat-schranke","8":"product_cat-tv-mobel","9":"product_cat-vermeer-meubelen","11":"first","12":"instock","13":"shipping-taxable","14":"product-type-simple"},"_links":{"self":[{"href":"https:\/\/pinedesign.nl\/de\/wp-json\/wp\/v2\/product\/7637","targetHints":{"allow":["GET"]}}],"collection":[{"href":"https:\/\/pinedesign.nl\/de\/wp-json\/wp\/v2\/product"}],"about":[{"href":"https:\/\/pinedesign.nl\/de\/wp-json\/wp\/v2\/types\/product"}],"wp:featuredmedia":[{"embeddable":true,"href":"https:\/\/pinedesign.nl\/de\/wp-json\/wp\/v2\/media\/4747"}],"wp:attachment":[{"href":"https:\/\/pinedesign.nl\/de\/wp-json\/wp\/v2\/media?parent=7637"}],"wp:term":[{"taxonomy":"product_brand","embeddable":true,"href":"https:\/\/pinedesign.nl\/de\/wp-json\/wp\/v2\/product_brand?post=7637"},{"taxonomy":"product_cat","embeddable":true,"href":"https:\/\/pinedesign.nl\/de\/wp-json\/wp\/v2\/product_cat?post=7637"},{"taxonomy":"product_tag","embeddable":true,"href":"https:\/\/pinedesign.nl\/de\/wp-json\/wp\/v2\/product_tag?post=7637"}],"curies":[{"name":"wp","href":"https:\/\/api.w.org\/{rel}","templated":true}]}}