{"id":7634,"date":"2023-09-30T10:13:35","date_gmt":"2023-09-30T10:13:35","guid":{"rendered":"https:\/\/pinedesign.nl\/product\/sofa-dublin\/"},"modified":"2023-09-30T10:13:35","modified_gmt":"2023-09-30T10:13:35","slug":"sofa-dublin","status":"publish","type":"product","link":"https:\/\/pinedesign.nl\/de\/product\/sofa-dublin\/","title":{"rendered":"Sofa Dublin"},"content":{"rendered":"<p>Das fest gepolsterte Sofa Dublin der Marke Het Anker ist der Inbegriff von Komfort und Stil. Mit seinem zeitlosen Design und den vielseitigen M\u00f6glichkeiten ist das Dublin eine Bereicherung f\u00fcr jedes Interieur. <\/p>\n<p>Das Sofa ist in einer breiten Palette von Stoff- und Lederarten erh\u00e4ltlich, sodass du den perfekten Bezug passend zu deinem pers\u00f6nlichen Geschmack und Interieur w\u00e4hlen kannst.<\/p>\n<p>In verschiedenen Konfigurationen lieferbar \u2013 komm bei uns vorbei, um dir alle M\u00f6glichkeiten anzusehen.<\/p>\n","protected":false},"excerpt":{"rendered":"<p>Das fest gepolsterte Sofa Dublin der Marke Het Anker ist der Inbegriff von Komfort und Stil. Mit seinem zeitlosen Design und den vielseitigen M\u00f6glichkeiten ist das Dublin eine Bereicherung f\u00fcr jedes Interieur. <\/p>\n<p>Das Sofa ist in einer breiten Palette von Stoff- und Lederarten erh\u00e4ltlich, sodass du den perfekten Bezug passend zu deinem pers\u00f6nlichen Geschmack und Interieur w\u00e4hlen kannst.<\/p>\n<p>In verschiedenen Konfigurationen lieferbar \u2013 komm bei uns vorbei, um dir alle M\u00f6glichkeiten anzusehen.<\/p>\n","protected":false},"featured_media":4390,"template":"","meta":{"_joinchat":[]},"product_brand":[],"product_cat":[142,136,124,125,134],"product_tag":[],"class_list":{"0":"post-7634","1":"product","2":"type-product","3":"status-publish","4":"has-post-thumbnail","6":"product_cat-het-anker","7":"product_cat-marken","8":"product_cat-sitzmobel","9":"product_cat-sofa","10":"product_cat-sofas","12":"first","13":"instock","14":"shipping-taxable","15":"product-type-simple"},"_links":{"self":[{"href":"https:\/\/pinedesign.nl\/de\/wp-json\/wp\/v2\/product\/7634","targetHints":{"allow":["GET"]}}],"collection":[{"href":"https:\/\/pinedesign.nl\/de\/wp-json\/wp\/v2\/product"}],"about":[{"href":"https:\/\/pinedesign.nl\/de\/wp-json\/wp\/v2\/types\/product"}],"wp:featuredmedia":[{"embeddable":true,"href":"https:\/\/pinedesign.nl\/de\/wp-json\/wp\/v2\/media\/4390"}],"wp:attachment":[{"href":"https:\/\/pinedesign.nl\/de\/wp-json\/wp\/v2\/media?parent=7634"}],"wp:term":[{"taxonomy":"product_brand","embeddable":true,"href":"https:\/\/pinedesign.nl\/de\/wp-json\/wp\/v2\/product_brand?post=7634"},{"taxonomy":"product_cat","embeddable":true,"href":"https:\/\/pinedesign.nl\/de\/wp-json\/wp\/v2\/product_cat?post=7634"},{"taxonomy":"product_tag","embeddable":true,"href":"https:\/\/pinedesign.nl\/de\/wp-json\/wp\/v2\/product_tag?post=7634"}],"curies":[{"name":"wp","href":"https:\/\/api.w.org\/{rel}","templated":true}]}}