{"id":7627,"date":"2023-11-10T17:51:14","date_gmt":"2023-11-10T17:51:14","guid":{"rendered":"https:\/\/pinedesign.nl\/product\/sofa-pom\/"},"modified":"2023-11-10T17:51:14","modified_gmt":"2023-11-10T17:51:14","slug":"sofa-pom","status":"publish","type":"product","link":"https:\/\/pinedesign.nl\/de\/product\/sofa-pom\/","title":{"rendered":"Sofa Pom"},"content":{"rendered":"<p>Entdecke das trendige Sofa Pom von Cartel Living! Mit seinen einzigartigen runden Formen passt Pom perfekt zum aktuellen Wohntrend. Dieses Sofa lockert geradlinige R\u00e4ume auf und sorgt f\u00fcr ein einladendes Gef\u00fchl.  <\/p>\n<p>W\u00e4hle die ideale Gr\u00f6\u00dfe f\u00fcr deinen Raum und personalisiere es mit verschiedenen Stoff- und Lederarten. Pom ist der perfekte Mix aus Stil und Komfort f\u00fcr dein Interieur! <\/p>\n","protected":false},"excerpt":{"rendered":"<p>Entdecke das trendige Sofa Pom von Cartel Living! Mit seinen einzigartigen runden Formen passt Pom perfekt zum aktuellen Wohntrend. Dieses Sofa lockert geradlinige R\u00e4ume auf und sorgt f\u00fcr ein einladendes Gef\u00fchl.  <\/p>\n<p>W\u00e4hle die ideale Gr\u00f6\u00dfe f\u00fcr deinen Raum und personalisiere es mit verschiedenen Stoff- und Lederarten. Pom ist der perfekte Mix aus Stil und Komfort f\u00fcr dein Interieur! <\/p>\n","protected":false},"featured_media":4590,"template":"","meta":{"_joinchat":[]},"product_brand":[],"product_cat":[124,125,134],"product_tag":[],"class_list":{"0":"post-7627","1":"product","2":"type-product","3":"status-publish","4":"has-post-thumbnail","6":"product_cat-sitzmobel","7":"product_cat-sofa","8":"product_cat-sofas","10":"first","11":"instock","12":"shipping-taxable","13":"product-type-simple"},"_links":{"self":[{"href":"https:\/\/pinedesign.nl\/de\/wp-json\/wp\/v2\/product\/7627","targetHints":{"allow":["GET"]}}],"collection":[{"href":"https:\/\/pinedesign.nl\/de\/wp-json\/wp\/v2\/product"}],"about":[{"href":"https:\/\/pinedesign.nl\/de\/wp-json\/wp\/v2\/types\/product"}],"wp:featuredmedia":[{"embeddable":true,"href":"https:\/\/pinedesign.nl\/de\/wp-json\/wp\/v2\/media\/4590"}],"wp:attachment":[{"href":"https:\/\/pinedesign.nl\/de\/wp-json\/wp\/v2\/media?parent=7627"}],"wp:term":[{"taxonomy":"product_brand","embeddable":true,"href":"https:\/\/pinedesign.nl\/de\/wp-json\/wp\/v2\/product_brand?post=7627"},{"taxonomy":"product_cat","embeddable":true,"href":"https:\/\/pinedesign.nl\/de\/wp-json\/wp\/v2\/product_cat?post=7627"},{"taxonomy":"product_tag","embeddable":true,"href":"https:\/\/pinedesign.nl\/de\/wp-json\/wp\/v2\/product_tag?post=7627"}],"curies":[{"name":"wp","href":"https:\/\/api.w.org\/{rel}","templated":true}]}}