{"id":7624,"date":"2023-11-04T11:17:01","date_gmt":"2023-11-04T11:17:01","guid":{"rendered":"https:\/\/pinedesign.nl\/product\/ovaler-esstisch-dutch\/"},"modified":"2023-11-04T11:17:01","modified_gmt":"2023-11-04T11:17:01","slug":"ovaler-esstisch-dutch","status":"publish","type":"product","link":"https:\/\/pinedesign.nl\/de\/product\/ovaler-esstisch-dutch\/","title":{"rendered":"Ovaler Esstisch Dutch"},"content":{"rendered":"<p>Lass dich von der Eleganz unseres ovalen Esstisches Dutch \u00fcberraschen! Mit einer gro\u00dfen Auswahl an Farben und verschiedenen Gestellvarianten bieten wir endlose M\u00f6glichkeiten f\u00fcr deinen Traumtisch. Komm gerne vorbei und entdecke die zahlreichen Optionen. Verwandle deinen Essbereich in eine stilvolle Oase der Gem\u00fctlichkeit!   <\/p>\n","protected":false},"excerpt":{"rendered":"<p>Lass dich von der Eleganz unseres ovalen Esstisches Dutch \u00fcberraschen! Mit einer gro\u00dfen Auswahl an Farben und verschiedenen Gestellvarianten bieten wir endlose M\u00f6glichkeiten f\u00fcr deinen Traumtisch. Komm gerne vorbei und entdecke die zahlreichen Optionen. Verwandle deinen Essbereich in eine stilvolle Oase der Gem\u00fctlichkeit!   <\/p>\n","protected":false},"featured_media":4523,"template":"","meta":{"_joinchat":[]},"product_brand":[],"product_cat":[122,121],"product_tag":[],"class_list":{"0":"post-7624","1":"product","2":"type-product","3":"status-publish","4":"has-post-thumbnail","6":"product_cat-esstische","7":"product_cat-tische","9":"first","10":"instock","11":"shipping-taxable","12":"product-type-simple"},"_links":{"self":[{"href":"https:\/\/pinedesign.nl\/de\/wp-json\/wp\/v2\/product\/7624","targetHints":{"allow":["GET"]}}],"collection":[{"href":"https:\/\/pinedesign.nl\/de\/wp-json\/wp\/v2\/product"}],"about":[{"href":"https:\/\/pinedesign.nl\/de\/wp-json\/wp\/v2\/types\/product"}],"wp:featuredmedia":[{"embeddable":true,"href":"https:\/\/pinedesign.nl\/de\/wp-json\/wp\/v2\/media\/4523"}],"wp:attachment":[{"href":"https:\/\/pinedesign.nl\/de\/wp-json\/wp\/v2\/media?parent=7624"}],"wp:term":[{"taxonomy":"product_brand","embeddable":true,"href":"https:\/\/pinedesign.nl\/de\/wp-json\/wp\/v2\/product_brand?post=7624"},{"taxonomy":"product_cat","embeddable":true,"href":"https:\/\/pinedesign.nl\/de\/wp-json\/wp\/v2\/product_cat?post=7624"},{"taxonomy":"product_tag","embeddable":true,"href":"https:\/\/pinedesign.nl\/de\/wp-json\/wp\/v2\/product_tag?post=7624"}],"curies":[{"name":"wp","href":"https:\/\/api.w.org\/{rel}","templated":true}]}}