{"id":7623,"date":"2023-09-19T15:31:29","date_gmt":"2023-09-19T15:31:29","guid":{"rendered":"https:\/\/pinedesign.nl\/product\/sofa-sterling\/"},"modified":"2023-09-19T15:31:29","modified_gmt":"2023-09-19T15:31:29","slug":"sofa-sterling","status":"publish","type":"product","link":"https:\/\/pinedesign.nl\/de\/product\/sofa-sterling\/","title":{"rendered":"Sofa Sterling"},"content":{"rendered":"<p>Das Sofa Sterling von Het Anker ist die perfekte Erg\u00e4nzung f\u00fcr jedes Wohnzimmer. Dieses vielseitige Sofa ist in einer Vielzahl von Stoff- und Lederarten erh\u00e4ltlich, sodass du einen einzigartigen Look kreieren kannst, der zu deinem pers\u00f6nlichen Stil und Interieur passt. <\/p>\n<p>Zudem bietet das Sterling verschiedene Aufstellm\u00f6glichkeiten, damit du das Sofa an den verf\u00fcgbaren Platz in deinem Zuhause anpassen kannst.<\/p>\n<p>Komm bei uns vorbei, um dir alle M\u00f6glichkeiten anzusehen<\/p>\n","protected":false},"excerpt":{"rendered":"<p>Das Sofa Sterling von Het Anker ist die perfekte Erg\u00e4nzung f\u00fcr jedes Wohnzimmer. Dieses vielseitige Sofa ist in einer Vielzahl von Stoff- und Lederarten erh\u00e4ltlich, sodass du einen einzigartigen Look kreieren kannst, der zu deinem pers\u00f6nlichen Stil und Interieur passt. <\/p>\n<p>Zudem bietet das Sterling verschiedene Aufstellm\u00f6glichkeiten, damit du das Sofa an den verf\u00fcgbaren Platz in deinem Zuhause anpassen kannst.<\/p>\n<p>Komm bei uns vorbei, um dir alle M\u00f6glichkeiten anzusehen<\/p>\n","protected":false},"featured_media":4198,"template":"","meta":{"_joinchat":[]},"product_brand":[],"product_cat":[142,136,124,125,134],"product_tag":[],"class_list":{"0":"post-7623","1":"product","2":"type-product","3":"status-publish","4":"has-post-thumbnail","6":"product_cat-het-anker","7":"product_cat-marken","8":"product_cat-sitzmobel","9":"product_cat-sofa","10":"product_cat-sofas","12":"first","13":"instock","14":"shipping-taxable","15":"product-type-simple"},"_links":{"self":[{"href":"https:\/\/pinedesign.nl\/de\/wp-json\/wp\/v2\/product\/7623","targetHints":{"allow":["GET"]}}],"collection":[{"href":"https:\/\/pinedesign.nl\/de\/wp-json\/wp\/v2\/product"}],"about":[{"href":"https:\/\/pinedesign.nl\/de\/wp-json\/wp\/v2\/types\/product"}],"wp:featuredmedia":[{"embeddable":true,"href":"https:\/\/pinedesign.nl\/de\/wp-json\/wp\/v2\/media\/4198"}],"wp:attachment":[{"href":"https:\/\/pinedesign.nl\/de\/wp-json\/wp\/v2\/media?parent=7623"}],"wp:term":[{"taxonomy":"product_brand","embeddable":true,"href":"https:\/\/pinedesign.nl\/de\/wp-json\/wp\/v2\/product_brand?post=7623"},{"taxonomy":"product_cat","embeddable":true,"href":"https:\/\/pinedesign.nl\/de\/wp-json\/wp\/v2\/product_cat?post=7623"},{"taxonomy":"product_tag","embeddable":true,"href":"https:\/\/pinedesign.nl\/de\/wp-json\/wp\/v2\/product_tag?post=7623"}],"curies":[{"name":"wp","href":"https:\/\/api.w.org\/{rel}","templated":true}]}}