{"id":7621,"date":"2023-09-19T14:52:42","date_gmt":"2023-09-19T14:52:42","guid":{"rendered":"https:\/\/pinedesign.nl\/product\/sofa-weaver\/"},"modified":"2023-09-19T14:52:42","modified_gmt":"2023-09-19T14:52:42","slug":"sofa-weaver","status":"publish","type":"product","link":"https:\/\/pinedesign.nl\/de\/product\/sofa-weaver\/","title":{"rendered":"Sofa Weaver"},"content":{"rendered":"<p>Entdecke das Sofa Weaver von Het Anker, erh\u00e4ltlich in verschiedenen Gr\u00f6\u00dfen, Stoffen und Lederarten.<\/p>\n<p>Komm vorbei und sieh dir alle M\u00f6glichkeiten an.<\/p>\n","protected":false},"excerpt":{"rendered":"<p>Entdecke das Sofa Weaver von Het Anker, erh\u00e4ltlich in verschiedenen Gr\u00f6\u00dfen, Stoffen und Lederarten.<\/p>\n<p>Komm vorbei und sieh dir alle M\u00f6glichkeiten an.<\/p>\n","protected":false},"featured_media":4190,"template":"","meta":{"_joinchat":[]},"product_brand":[],"product_cat":[142,136,124,125,134],"product_tag":[],"class_list":{"0":"post-7621","1":"product","2":"type-product","3":"status-publish","4":"has-post-thumbnail","6":"product_cat-het-anker","7":"product_cat-marken","8":"product_cat-sitzmobel","9":"product_cat-sofa","10":"product_cat-sofas","12":"first","13":"instock","14":"shipping-taxable","15":"product-type-simple"},"_links":{"self":[{"href":"https:\/\/pinedesign.nl\/de\/wp-json\/wp\/v2\/product\/7621","targetHints":{"allow":["GET"]}}],"collection":[{"href":"https:\/\/pinedesign.nl\/de\/wp-json\/wp\/v2\/product"}],"about":[{"href":"https:\/\/pinedesign.nl\/de\/wp-json\/wp\/v2\/types\/product"}],"wp:featuredmedia":[{"embeddable":true,"href":"https:\/\/pinedesign.nl\/de\/wp-json\/wp\/v2\/media\/4190"}],"wp:attachment":[{"href":"https:\/\/pinedesign.nl\/de\/wp-json\/wp\/v2\/media?parent=7621"}],"wp:term":[{"taxonomy":"product_brand","embeddable":true,"href":"https:\/\/pinedesign.nl\/de\/wp-json\/wp\/v2\/product_brand?post=7621"},{"taxonomy":"product_cat","embeddable":true,"href":"https:\/\/pinedesign.nl\/de\/wp-json\/wp\/v2\/product_cat?post=7621"},{"taxonomy":"product_tag","embeddable":true,"href":"https:\/\/pinedesign.nl\/de\/wp-json\/wp\/v2\/product_tag?post=7621"}],"curies":[{"name":"wp","href":"https:\/\/api.w.org\/{rel}","templated":true}]}}