{"id":7619,"date":"2023-09-16T11:15:34","date_gmt":"2023-09-16T11:15:34","guid":{"rendered":"https:\/\/pinedesign.nl\/product\/barhocker-pamp-niedrig\/"},"modified":"2023-09-16T11:15:34","modified_gmt":"2023-09-16T11:15:34","slug":"barhocker-pamp-niedrig","status":"publish","type":"product","link":"https:\/\/pinedesign.nl\/de\/product\/barhocker-pamp-niedrig\/","title":{"rendered":"Barhocker Pamp niedrig"},"content":{"rendered":"<p>Der Pamp Barhocker von Mobitec ist eine stilvolle Erg\u00e4nzung f\u00fcr jedes Interieur. Mit seinem luftigen Metallgestell kombiniert dieser Barhocker m\u00fchelos modernes Design mit Komfort. Das schlanke Gestell vermittelt ein Gef\u00fchl von Weite und Leichtigkeit, wodurch der Pamp Barhocker ideal f\u00fcr kleine R\u00e4ume ist oder um in gr\u00f6\u00dferen Zimmern ein offenes Ambiente zu schaffen.  <\/p>\n<p>In verschiedenen Stoff- und Lederarten erh\u00e4ltlich \u2013 komm bei uns vorbei, um alle M\u00f6glichkeiten zu entdecken.<\/p>\n","protected":false},"excerpt":{"rendered":"<p>Der Pamp Barhocker von Mobitec ist eine stilvolle Erg\u00e4nzung f\u00fcr jedes Interieur. Mit seinem luftigen Metallgestell kombiniert dieser Barhocker m\u00fchelos modernes Design mit Komfort. Das schlanke Gestell vermittelt ein Gef\u00fchl von Weite und Leichtigkeit, wodurch der Pamp Barhocker ideal f\u00fcr kleine R\u00e4ume ist oder um in gr\u00f6\u00dferen Zimmern ein offenes Ambiente zu schaffen.  <\/p>\n<p>In verschiedenen Stoff- und Lederarten erh\u00e4ltlich \u2013 komm bei uns vorbei, um alle M\u00f6glichkeiten zu entdecken.<\/p>\n","protected":false},"featured_media":4177,"template":"","meta":{"_joinchat":[]},"product_brand":[],"product_cat":[141,136,140,124],"product_tag":[],"class_list":{"0":"post-7619","1":"product","2":"type-product","3":"status-publish","4":"has-post-thumbnail","6":"product_cat-barhocker","7":"product_cat-marken","8":"product_cat-mobitec","9":"product_cat-sitzmobel","11":"first","12":"instock","13":"shipping-taxable","14":"product-type-simple"},"_links":{"self":[{"href":"https:\/\/pinedesign.nl\/de\/wp-json\/wp\/v2\/product\/7619","targetHints":{"allow":["GET"]}}],"collection":[{"href":"https:\/\/pinedesign.nl\/de\/wp-json\/wp\/v2\/product"}],"about":[{"href":"https:\/\/pinedesign.nl\/de\/wp-json\/wp\/v2\/types\/product"}],"wp:featuredmedia":[{"embeddable":true,"href":"https:\/\/pinedesign.nl\/de\/wp-json\/wp\/v2\/media\/4177"}],"wp:attachment":[{"href":"https:\/\/pinedesign.nl\/de\/wp-json\/wp\/v2\/media?parent=7619"}],"wp:term":[{"taxonomy":"product_brand","embeddable":true,"href":"https:\/\/pinedesign.nl\/de\/wp-json\/wp\/v2\/product_brand?post=7619"},{"taxonomy":"product_cat","embeddable":true,"href":"https:\/\/pinedesign.nl\/de\/wp-json\/wp\/v2\/product_cat?post=7619"},{"taxonomy":"product_tag","embeddable":true,"href":"https:\/\/pinedesign.nl\/de\/wp-json\/wp\/v2\/product_tag?post=7619"}],"curies":[{"name":"wp","href":"https:\/\/api.w.org\/{rel}","templated":true}]}}