{"id":7616,"date":"2023-09-16T10:52:35","date_gmt":"2023-09-16T10:52:35","guid":{"rendered":"https:\/\/pinedesign.nl\/product\/barhocker-lena\/"},"modified":"2023-09-16T10:52:35","modified_gmt":"2023-09-16T10:52:35","slug":"barhocker-lena","status":"publish","type":"product","link":"https:\/\/pinedesign.nl\/de\/product\/barhocker-lena\/","title":{"rendered":"Barhocker Lena"},"content":{"rendered":"<p>Dieser komfortable und elegante Barhocker Lena von Mobitec besteht aus einem massiven Buchengestell, das mit einer doppelten Schaumstoffschicht gepolstert ist. Die Sitzfl\u00e4che ist zudem mit einer Nosag-Federung f\u00fcr puren Komfort ausgestattet. <\/p>\n<p>Wie alle Mobitec-St\u00fchle ist auch dieser Lena Barhocker personalisierbar. Die Beine sind in verschiedenen T\u00f6nen aus massiver Buche, Eiche oder Nussbaum erh\u00e4ltlich. Lieferbar in diversen Stoff- und Lederarten. Komm bei uns vorbei, um alle M\u00f6glichkeiten zu entdecken.   <\/p>\n<p>Komm bei uns vorbei, um alle M\u00f6glichkeiten zu entdecken.<\/p>\n","protected":false},"excerpt":{"rendered":"<p>Dieser komfortable und elegante Barhocker Lena von Mobitec besteht aus einem massiven Buchengestell, das mit einer doppelten Schaumstoffschicht gepolstert ist. Die Sitzfl\u00e4che ist zudem mit einer Nosag-Federung f\u00fcr puren Komfort ausgestattet. <\/p>\n<p>Wie alle Mobitec-St\u00fchle ist auch dieser Lena Barhocker personalisierbar. Die Beine sind in verschiedenen T\u00f6nen aus massiver Buche, Eiche oder Nussbaum erh\u00e4ltlich. Lieferbar in diversen Stoff- und Lederarten. Komm bei uns vorbei, um alle M\u00f6glichkeiten zu entdecken.   <\/p>\n<p>Komm bei us vorbei, um alle M\u00f6glichkeiten zu entdecken.<\/p>\n","protected":false},"featured_media":4165,"template":"","meta":{"_joinchat":[]},"product_brand":[],"product_cat":[141,136,140,124],"product_tag":[],"class_list":{"0":"post-7616","1":"product","2":"type-product","3":"status-publish","4":"has-post-thumbnail","6":"product_cat-barhocker","7":"product_cat-marken","8":"product_cat-mobitec","9":"product_cat-sitzmobel","11":"first","12":"instock","13":"shipping-taxable","14":"product-type-simple"},"_links":{"self":[{"href":"https:\/\/pinedesign.nl\/de\/wp-json\/wp\/v2\/product\/7616","targetHints":{"allow":["GET"]}}],"collection":[{"href":"https:\/\/pinedesign.nl\/de\/wp-json\/wp\/v2\/product"}],"about":[{"href":"https:\/\/pinedesign.nl\/de\/wp-json\/wp\/v2\/types\/product"}],"wp:featuredmedia":[{"embeddable":true,"href":"https:\/\/pinedesign.nl\/de\/wp-json\/wp\/v2\/media\/4165"}],"wp:attachment":[{"href":"https:\/\/pinedesign.nl\/de\/wp-json\/wp\/v2\/media?parent=7616"}],"wp:term":[{"taxonomy":"product_brand","embeddable":true,"href":"https:\/\/pinedesign.nl\/de\/wp-json\/wp\/v2\/product_brand?post=7616"},{"taxonomy":"product_cat","embeddable":true,"href":"https:\/\/pinedesign.nl\/de\/wp-json\/wp\/v2\/product_cat?post=7616"},{"taxonomy":"product_tag","embeddable":true,"href":"https:\/\/pinedesign.nl\/de\/wp-json\/wp\/v2\/product_tag?post=7616"}],"curies":[{"name":"wp","href":"https:\/\/api.w.org\/{rel}","templated":true}]}}