{"id":7614,"date":"2023-09-15T15:41:26","date_gmt":"2023-09-15T15:41:26","guid":{"rendered":"https:\/\/pinedesign.nl\/product\/esstisch-eclipse-2\/"},"modified":"2023-09-15T15:41:26","modified_gmt":"2023-09-15T15:41:26","slug":"esstisch-eclipse-2","status":"publish","type":"product","link":"https:\/\/pinedesign.nl\/de\/product\/esstisch-eclipse-2\/","title":{"rendered":"Esstisch Eclipse"},"content":{"rendered":"<p>Der Esstisch Eclipse von Mobitec bietet eine Vielzahl an M\u00f6glichkeiten, um deinen spezifischen Bed\u00fcrfnissen und Vorlieben gerecht zu werden. Dieser Tisch ist in verschiedenen Gr\u00f6\u00dfen und Farben erh\u00e4ltlich, sodass du die Freiheit hast, den perfekten Tisch passend zu deiner Einrichtung zu w\u00e4hlen. <\/p>\n<p>Ob du einen kompakten Esstisch f\u00fcr einen gem\u00fctlichen Essbereich oder einen gro\u00dfz\u00fcgigen Tisch f\u00fcr ausgiebige Abendessen mit Freunden und Familie suchst \u2013 der Eclipse-Tisch hat die passenden Ma\u00dfe f\u00fcr dich.<\/p>\n<p>Besuche uns, um alle M\u00f6glichkeiten zu entdecken.<\/p>\n","protected":false},"excerpt":{"rendered":"<p>Der Esstisch Eclipse von Mobitec bietet eine Vielzahl an M\u00f6glichkeiten, um deinen spezifischen Bed\u00fcrfnissen und Vorlieben gerecht zu werden. Dieser Tisch ist in verschiedenen Gr\u00f6\u00dfen und Farben erh\u00e4ltlich, sodass du die Freiheit hast, den perfekten Tisch passend zu deiner Einrichtung zu w\u00e4hlen. <\/p>\n<p>Ob du einen kompakten Esstisch f\u00fcr einen gem\u00fctlichen Essbereich oder einen gro\u00dfz\u00fcgigen Tisch f\u00fcr ausgiebige Abendessen mit Freunden und Familie suchst \u2013 der Eclipse-Tisch hat die passenden Ma\u00dfe f\u00fcr dich.<\/p>\n<p>Besuche uns, um alle M\u00f6glichkeiten zu entdecken.<\/p>\n","protected":false},"featured_media":4162,"template":"","meta":{"_joinchat":[]},"product_brand":[],"product_cat":[122,136,140,121],"product_tag":[],"class_list":{"0":"post-7614","1":"product","2":"type-product","3":"status-publish","4":"has-post-thumbnail","6":"product_cat-esstische","7":"product_cat-marken","8":"product_cat-mobitec","9":"product_cat-tische","11":"first","12":"instock","13":"shipping-taxable","14":"product-type-simple"},"_links":{"self":[{"href":"https:\/\/pinedesign.nl\/de\/wp-json\/wp\/v2\/product\/7614","targetHints":{"allow":["GET"]}}],"collection":[{"href":"https:\/\/pinedesign.nl\/de\/wp-json\/wp\/v2\/product"}],"about":[{"href":"https:\/\/pinedesign.nl\/de\/wp-json\/wp\/v2\/types\/product"}],"wp:featuredmedia":[{"embeddable":true,"href":"https:\/\/pinedesign.nl\/de\/wp-json\/wp\/v2\/media\/4162"}],"wp:attachment":[{"href":"https:\/\/pinedesign.nl\/de\/wp-json\/wp\/v2\/media?parent=7614"}],"wp:term":[{"taxonomy":"product_brand","embeddable":true,"href":"https:\/\/pinedesign.nl\/de\/wp-json\/wp\/v2\/product_brand?post=7614"},{"taxonomy":"product_cat","embeddable":true,"href":"https:\/\/pinedesign.nl\/de\/wp-json\/wp\/v2\/product_cat?post=7614"},{"taxonomy":"product_tag","embeddable":true,"href":"https:\/\/pinedesign.nl\/de\/wp-json\/wp\/v2\/product_tag?post=7614"}],"curies":[{"name":"wp","href":"https:\/\/api.w.org\/{rel}","templated":true}]}}