{"id":7610,"date":"2023-09-16T11:11:15","date_gmt":"2023-09-16T11:11:15","guid":{"rendered":"https:\/\/pinedesign.nl\/product\/barhocker-pamp-hoch\/"},"modified":"2023-09-16T11:11:15","modified_gmt":"2023-09-16T11:11:15","slug":"barhocker-pamp-hoch","status":"publish","type":"product","link":"https:\/\/pinedesign.nl\/de\/product\/barhocker-pamp-hoch\/","title":{"rendered":"Barhocker Pamp hoch"},"content":{"rendered":"<p>Der Pamp Barhocker von Mobitec ist eine stilvolle Erg\u00e4nzung f\u00fcr jedes Interieur. Mit seinem luftigen Metallgestell kombiniert dieser Barhocker m\u00fchelos modernes Design mit Komfort. Das schlanke Gestell vermittelt ein Gef\u00fchl von Raum und Leichtigkeit, wodurch der Pamp Barhocker perfekt f\u00fcr kleine R\u00e4ume ist oder um in gr\u00f6\u00dferen Zimmern ein Gef\u00fchl von Offenheit zu schaffen.  <\/p>\n<p>In verschiedenen Stoff- und Lederarten erh\u00e4ltlich. Komm bei uns vorbei, um dir alle M\u00f6glichkeiten anzusehen.<\/p>\n","protected":false},"excerpt":{"rendered":"<p>Der Pamp Barhocker von Mobitec ist eine stilvolle Erg\u00e4nzung f\u00fcr jedes Interieur. Mit seinem luftigen Metallgestell kombiniert dieser Barhocker m\u00fchelos modernes Design mit Komfort. Das schlanke Gestell vermittelt ein Gef\u00fchl von Raum und Leichtigkeit, wodurch der Pamp Barhocker perfekt f\u00fcr kleine R\u00e4ume ist oder um in gr\u00f6\u00dferen Zimmern ein Gef\u00fchl von Offenheit zu schaffen.  <\/p>\n<p>In verschiedenen Stoff- und Lederarten erh\u00e4ltlich. Komm bei uns vorbei, um dir alle M\u00f6glichkeiten anzusehen.<\/p>\n","protected":false},"featured_media":4175,"template":"","meta":{"_joinchat":[]},"product_brand":[],"product_cat":[141,136,140,124],"product_tag":[],"class_list":{"0":"post-7610","1":"product","2":"type-product","3":"status-publish","4":"has-post-thumbnail","6":"product_cat-barhocker","7":"product_cat-marken","8":"product_cat-mobitec","9":"product_cat-sitzmobel","11":"first","12":"instock","13":"shipping-taxable","14":"product-type-simple"},"_links":{"self":[{"href":"https:\/\/pinedesign.nl\/de\/wp-json\/wp\/v2\/product\/7610","targetHints":{"allow":["GET"]}}],"collection":[{"href":"https:\/\/pinedesign.nl\/de\/wp-json\/wp\/v2\/product"}],"about":[{"href":"https:\/\/pinedesign.nl\/de\/wp-json\/wp\/v2\/types\/product"}],"wp:featuredmedia":[{"embeddable":true,"href":"https:\/\/pinedesign.nl\/de\/wp-json\/wp\/v2\/media\/4175"}],"wp:attachment":[{"href":"https:\/\/pinedesign.nl\/de\/wp-json\/wp\/v2\/media?parent=7610"}],"wp:term":[{"taxonomy":"product_brand","embeddable":true,"href":"https:\/\/pinedesign.nl\/de\/wp-json\/wp\/v2\/product_brand?post=7610"},{"taxonomy":"product_cat","embeddable":true,"href":"https:\/\/pinedesign.nl\/de\/wp-json\/wp\/v2\/product_cat?post=7610"},{"taxonomy":"product_tag","embeddable":true,"href":"https:\/\/pinedesign.nl\/de\/wp-json\/wp\/v2\/product_tag?post=7610"}],"curies":[{"name":"wp","href":"https:\/\/api.w.org\/{rel}","templated":true}]}}