{"id":7609,"date":"2023-09-15T15:35:16","date_gmt":"2023-09-15T15:35:16","guid":{"rendered":"https:\/\/pinedesign.nl\/product\/esstisch-dolmen\/"},"modified":"2023-09-15T15:35:16","modified_gmt":"2023-09-15T15:35:16","slug":"esstisch-dolmen","status":"publish","type":"product","link":"https:\/\/pinedesign.nl\/de\/product\/esstisch-dolmen\/","title":{"rendered":"Esstisch Dolmen"},"content":{"rendered":"<p>Der Esstisch Dolmen von Mobitec bietet eine vielseitige Auswahl f\u00fcr dein Esszimmer. Mit der Option f\u00fcr eine Massivholzplatte oder eine feine Furnier-Mosaikplatte kannst du den Tisch genau an deine Vorlieben und deinen Stil anpassen. <\/p>\n<p>Zudem ist der Dolmen-Tisch in verschiedenen Farben und Gr\u00f6\u00dfen erh\u00e4ltlich, sodass du den perfekten Tisch w\u00e4hlen kannst, der nahtlos in deinen Essbereich passt. Kurz gesagt: Der Dolmen-Esstisch von Mobitec verbindet Funktionalit\u00e4t und Stil auf wunderbare Weise f\u00fcr ein einzigartiges Esserlebnis. <\/p>\n<p>Besuch uns vor Ort, um alle M\u00f6glichkeiten zu entdecken.<\/p>\n","protected":false},"excerpt":{"rendered":"<p>Der Esstisch Dolmen von Mobitec bietet eine vielseitige Auswahl f\u00fcr dein Esszimmer. Mit der Option f\u00fcr eine Massivholzplatte oder eine feine Furnier-Mosaikplatte kannst du den Tisch genau an deine Vorlieben und deinen Stil anpassen. <\/p>\n<p>Zudem ist der Dolmen-Tisch in verschiedenen Farben und Gr\u00f6\u00dfen erh\u00e4ltlich, sodass du den perfekten Tisch w\u00e4hlen kannst, der nahtlos in deinen Essbereich passt. Kurz gesagt: Der Dolmen-Esstisch von Mobitec verbindet Funktionalit\u00e4t und Stil auf wunderbare Weise f\u00fcr ein einzigartiges Esserlebnis. <\/p>\n<p>Besuch uns vor Ort, um alle M\u00f6glichkeiten zu entdecken.<\/p>\n","protected":false},"featured_media":4160,"template":"","meta":{"_joinchat":[]},"product_brand":[],"product_cat":[122,136,140,121],"product_tag":[],"class_list":{"0":"post-7609","1":"product","2":"type-product","3":"status-publish","4":"has-post-thumbnail","6":"product_cat-esstische","7":"product_cat-marken","8":"product_cat-mobitec","9":"product_cat-tische","11":"first","12":"instock","13":"shipping-taxable","14":"product-type-simple"},"_links":{"self":[{"href":"https:\/\/pinedesign.nl\/de\/wp-json\/wp\/v2\/product\/7609","targetHints":{"allow":["GET"]}}],"collection":[{"href":"https:\/\/pinedesign.nl\/de\/wp-json\/wp\/v2\/product"}],"about":[{"href":"https:\/\/pinedesign.nl\/de\/wp-json\/wp\/v2\/types\/product"}],"wp:featuredmedia":[{"embeddable":true,"href":"https:\/\/pinedesign.nl\/de\/wp-json\/wp\/v2\/media\/4160"}],"wp:attachment":[{"href":"https:\/\/pinedesign.nl\/de\/wp-json\/wp\/v2\/media?parent=7609"}],"wp:term":[{"taxonomy":"product_brand","embeddable":true,"href":"https:\/\/pinedesign.nl\/de\/wp-json\/wp\/v2\/product_brand?post=7609"},{"taxonomy":"product_cat","embeddable":true,"href":"https:\/\/pinedesign.nl\/de\/wp-json\/wp\/v2\/product_cat?post=7609"},{"taxonomy":"product_tag","embeddable":true,"href":"https:\/\/pinedesign.nl\/de\/wp-json\/wp\/v2\/product_tag?post=7609"}],"curies":[{"name":"wp","href":"https:\/\/api.w.org\/{rel}","templated":true}]}}