{"id":7604,"date":"2023-09-15T15:31:12","date_gmt":"2023-09-15T15:31:12","guid":{"rendered":"https:\/\/pinedesign.nl\/product\/esstisch-blossom\/"},"modified":"2023-09-15T15:31:12","modified_gmt":"2023-09-15T15:31:12","slug":"esstisch-blossom","status":"publish","type":"product","link":"https:\/\/pinedesign.nl\/de\/product\/esstisch-blossom\/","title":{"rendered":"Esstisch Blossom"},"content":{"rendered":"<p>Der Esstisch Blossom von Mobitec bietet eine vielseitige Auswahl f\u00fcr dein Esszimmer. Mit der Option f\u00fcr eine Massivholzplatte oder eine feine Furnier-Mosaikplatte kannst du den Tisch genau an deine Vorlieben und deinen Stil anpassen. <\/p>\n<p>Das solide Untergestell des Blossom-Tisches sorgt nicht nur f\u00fcr Stabilit\u00e4t, sondern verleiht dem Tisch auch eine \u00e4sthetisch ansprechende Optik. Dies schafft eine harmonische Balance zwischen Form und Funktion. <\/p>\n<p>Zudem ist der Blossom-Tisch in verschiedenen Farben und Gr\u00f6\u00dfen erh\u00e4ltlich, sodass du den perfekten Tisch w\u00e4hlen kannst, der nahtlos in deinen Essbereich passt. Kurz gesagt: Der Blossom-Esstisch von Mobitec kombiniert Funktionalit\u00e4t und Stil auf wunderbare Weise f\u00fcr ein einzigartiges Esserlebnis. <\/p>\n<p>Besuch uns vor Ort, um alle M\u00f6glichkeiten zu entdecken.<\/p>\n","protected":false},"excerpt":{"rendered":"<p>Der Esstisch Blossom von Mobitec bietet eine vielseitige Auswahl f\u00fcr dein Esszimmer. Mit der Option f\u00fcr eine Massivholzplatte oder eine feine Furnier-Mosaikplatte kannst du den Tisch genau an deine Vorlieben und deinen Stil anpassen. <\/p>\n<p>Das solide Untergestell des Blossom-Tisches sorgt nicht nur f\u00fcr Stabilit\u00e4t, sondern verleiht dem Tisch auch eine \u00e4sthetisch ansprechende Optik. Dies schafft eine harmonische Balance zwischen Form und Funktion. <\/p>\n<p>Zudem ist der Blossom-Tisch in verschiedenen Farben und Gr\u00f6\u00dfen erh\u00e4ltlich, sodass du den perfekten Tisch w\u00e4hlen kannst, der nahtlos in deinen Essbereich passt. Kurz gesagt: Der Blossom-Esstisch von Mobitec kombiniert Funktionalit\u00e4t und Stil auf wunderbare Weise f\u00fcr ein einzigartiges Esserlebnis. <\/p>\n<p>Besuch uns vor Ort, um alle M\u00f6glichkeiten zu entdecken.<\/p>\n","protected":false},"featured_media":4158,"template":"","meta":{"_joinchat":[]},"product_brand":[],"product_cat":[122,136,140,121],"product_tag":[],"class_list":{"0":"post-7604","1":"product","2":"type-product","3":"status-publish","4":"has-post-thumbnail","6":"product_cat-esstische","7":"product_cat-marken","8":"product_cat-mobitec","9":"product_cat-tische","11":"first","12":"instock","13":"shipping-taxable","14":"product-type-simple"},"_links":{"self":[{"href":"https:\/\/pinedesign.nl\/de\/wp-json\/wp\/v2\/product\/7604","targetHints":{"allow":["GET"]}}],"collection":[{"href":"https:\/\/pinedesign.nl\/de\/wp-json\/wp\/v2\/product"}],"about":[{"href":"https:\/\/pinedesign.nl\/de\/wp-json\/wp\/v2\/types\/product"}],"wp:featuredmedia":[{"embeddable":true,"href":"https:\/\/pinedesign.nl\/de\/wp-json\/wp\/v2\/media\/4158"}],"wp:attachment":[{"href":"https:\/\/pinedesign.nl\/de\/wp-json\/wp\/v2\/media?parent=7604"}],"wp:term":[{"taxonomy":"product_brand","embeddable":true,"href":"https:\/\/pinedesign.nl\/de\/wp-json\/wp\/v2\/product_brand?post=7604"},{"taxonomy":"product_cat","embeddable":true,"href":"https:\/\/pinedesign.nl\/de\/wp-json\/wp\/v2\/product_cat?post=7604"},{"taxonomy":"product_tag","embeddable":true,"href":"https:\/\/pinedesign.nl\/de\/wp-json\/wp\/v2\/product_tag?post=7604"}],"curies":[{"name":"wp","href":"https:\/\/api.w.org\/{rel}","templated":true}]}}