{"id":7600,"date":"2023-09-16T10:57:38","date_gmt":"2023-09-16T10:57:38","guid":{"rendered":"https:\/\/pinedesign.nl\/product\/barhocker-lena-mit-armlehne\/"},"modified":"2023-09-16T10:57:38","modified_gmt":"2023-09-16T10:57:38","slug":"barhocker-lena-mit-armlehne","status":"publish","type":"product","link":"https:\/\/pinedesign.nl\/de\/product\/barhocker-lena-mit-armlehne\/","title":{"rendered":"Barhocker Lena mit Armlehne"},"content":{"rendered":"<div class=\"elementor-element elementor-element-fc1a10d elementor-widget elementor-widget-woocommerce-product-short-description\" data-id=\"fc1a10d\" data-element_type=\"widget\" data-widget_type=\"woocommerce-product-short-description.default\">\n<div class=\"elementor-widget-container\">\n<div class=\"woocommerce-product-details__short-description\">\n<p>Dieser komfortable und elegante Barhocker Lena von Mobitec besteht aus einem massiven Buchengestell, das mit einer doppelten Schaumschicht gepolstert ist. Die Sitzfl\u00e4che ist zudem mit einer Nosag-Federung f\u00fcr pure Weichheit ausgestattet. <\/p>\n<p>Wie alle Mobitec-St\u00fchle ist auch dieser Lena Barhocker personalisierbar. Die Beine sind in verschiedenen Farbt\u00f6nen in massiver Buche, Eiche oder Nussbaum erh\u00e4ltlich. Lieferbar in diversen Stoff- und Lederarten. Komm bei uns vorbei, um dir alle M\u00f6glichkeiten anzusehen.   <\/p>\n<p>Komm bei uns vorbei, um dir alle M\u00f6glichkeiten anzusehen.<\/p>\n<\/div>\n<\/div>\n<\/div>\n<div class=\"elementor-element elementor-element-8536f4a elementor-widget elementor-widget-woocommerce-product-price\" data-id=\"8536f4a\" data-element_type=\"widget\" data-widget_type=\"woocommerce-product-price.default\">\n<div class=\"elementor-widget-container\">\n<p class=\"price\">\n<\/div>\n<\/div>\n<div class=\"elementor-element elementor-element-98af135 elementor-widget elementor-widget-button\" data-id=\"98af135\" data-element_type=\"widget\" data-widget_type=\"button.default\">\n<div class=\"elementor-widget-container\">\n<div class=\"elementor-button-wrapper\"><\/div>\n<\/div>\n<\/div>\n","protected":false},"excerpt":{"rendered":"<div class=\"elementor-element elementor-element-fc1a10d elementor-widget elementor-widget-woocommerce-product-short-description\" data-id=\"fc1a10d\" data-element_type=\"widget\" data-widget_type=\"woocommerce-product-short-description.default\">\n<div class=\"elementor-widget-container\">\n<div class=\"woocommerce-product-details__short-description\">\n<p>Dieser komfortable und elegante Barhocker Lena von Mobitec besteht aus einem massiven Buchengestell, das mit einer doppelten Schaumschicht gepolstert ist. Die Sitzfl\u00e4che ist zudem mit einer Nosag-Federung f\u00fcr pure Weichheit ausgestattet. <\/p>\n<p>Wie alle Mobitec-St\u00fchle ist auch dieser Lena Barhocker personalisierbar. Die Beine sind in verschiedenen Farbt\u00f6nen in massiver Buche, Eiche oder Nussbaum erh\u00e4ltlich. Lieferbar in diversen Stoff- und Lederarten. Komm bei uns vorbei, um dir alle M\u00f6glichkeiten anzusehen.   <\/p>\n<p>Komm bei uns vorbei, um dir alle M\u00f6glichkeiten anzusehen.<\/p>\n<\/div>\n<\/div>\n<\/div>\n<div class=\"elementor-element elementor-element-8536f4a elementor-widget elementor-widget-woocommerce-product-price\" data-id=\"8536f4a\" data-element_type=\"widget\" data-widget_type=\"woocommerce-product-price.default\">\n<div class=\"elementor-widget-container\">\n<p class=\"price\">\n<\/div>\n<\/div>\n<div class=\"elementor-element elementor-element-98af135 elementor-widget elementor-widget-button\" data-id=\"98af135\" data-element_type=\"widget\" data-widget_type=\"button.default\">\n<div class=\"elementor-widget-container\">\n<div class=\"elementor-button-wrapper\"><\/div>\n<\/div>\n<\/div>\n","protected":false},"featured_media":4168,"template":"","meta":{"_joinchat":[]},"product_brand":[],"product_cat":[141,136,140,124],"product_tag":[],"class_list":{"0":"post-7600","1":"product","2":"type-product","3":"status-publish","4":"has-post-thumbnail","6":"product_cat-barhocker","7":"product_cat-marken","8":"product_cat-mobitec","9":"product_cat-sitzmobel","11":"first","12":"instock","13":"shipping-taxable","14":"product-type-simple"},"_links":{"self":[{"href":"https:\/\/pinedesign.nl\/de\/wp-json\/wp\/v2\/product\/7600","targetHints":{"allow":["GET"]}}],"collection":[{"href":"https:\/\/pinedesign.nl\/de\/wp-json\/wp\/v2\/product"}],"about":[{"href":"https:\/\/pinedesign.nl\/de\/wp-json\/wp\/v2\/types\/product"}],"wp:featuredmedia":[{"embeddable":true,"href":"https:\/\/pinedesign.nl\/de\/wp-json\/wp\/v2\/media\/4168"}],"wp:attachment":[{"href":"https:\/\/pinedesign.nl\/de\/wp-json\/wp\/v2\/media?parent=7600"}],"wp:term":[{"taxonomy":"product_brand","embeddable":true,"href":"https:\/\/pinedesign.nl\/de\/wp-json\/wp\/v2\/product_brand?post=7600"},{"taxonomy":"product_cat","embeddable":true,"href":"https:\/\/pinedesign.nl\/de\/wp-json\/wp\/v2\/product_cat?post=7600"},{"taxonomy":"product_tag","embeddable":true,"href":"https:\/\/pinedesign.nl\/de\/wp-json\/wp\/v2\/product_tag?post=7600"}],"curies":[{"name":"wp","href":"https:\/\/api.w.org\/{rel}","templated":true}]}}