{"id":7599,"date":"2023-09-15T15:15:29","date_gmt":"2023-09-15T15:15:29","guid":{"rendered":"https:\/\/pinedesign.nl\/product\/esszimmerstuhl-toro-mit-armlehne\/"},"modified":"2023-09-15T15:15:29","modified_gmt":"2023-09-15T15:15:29","slug":"esszimmerstuhl-toro-mit-armlehne","status":"publish","type":"product","link":"https:\/\/pinedesign.nl\/de\/product\/esszimmerstuhl-toro-mit-armlehne\/","title":{"rendered":"Esszimmerstuhl Toro mit Armlehne"},"content":{"rendered":"<p>Der Esszimmerstuhl Toro von Mobitec strahlt eine luftige und spielerische Eleganz aus. Dieser vielseitige Stuhl wurde entworfen, um verschiedenen Geschm\u00e4ckern und Interieurs gerecht zu werden. <\/p>\n<p>Mit der Wahl zwischen Holzbeinen f\u00fcr eine nat\u00fcrliche Ausstrahlung und Metallbeinen f\u00fcr einen modernen Touch kannst du den Toro-Stuhl perfekt auf deine Vorlieben und den Stil deines Essbereichs abstimmen.<\/p>\n<p>Zudem ist der Toro-Stuhl in verschiedenen Stoff- und Lederarten erh\u00e4ltlich, sodass du die Freiheit hast, den Bezug zu w\u00e4hlen, der am besten zu deinem pers\u00f6nlichen Geschmack und deinen Bed\u00fcrfnissen passt. Kurz gesagt: Der Toro-Esszimmerstuhl ist eine wundersch\u00f6ne Erg\u00e4nzung f\u00fcr jedes Esszimmer, die sowohl Stil als auch Komfort bietet. <\/p>\n<p>Komm bei uns vorbei, um dir alle M\u00f6glichkeiten anzusehen.<\/p>\n","protected":false},"excerpt":{"rendered":"<p>Der Esszimmerstuhl Toro von Mobitec strahlt eine luftige und spielerische Eleganz aus. Dieser vielseitige Stuhl wurde entworfen, um verschiedenen Geschm\u00e4ckern und Interieurs gerecht zu werden. <\/p>\n<p>Mit der Wahl zwischen Holzbeinen f\u00fcr eine nat\u00fcrliche Ausstrahlung und Metallbeinen f\u00fcr einen modernen Touch kannst du den Toro-Stuhl perfekt auf deine Vorlieben und den Stil deines Essbereichs abstimmen.<\/p>\n<p>Zudem ist der Toro-Stuhl in verschiedenen Stoff- und Lederarten erh\u00e4ltlich, sodass du die Freiheit hast, den Bezug zu w\u00e4hlen, der am besten zu deinem pers\u00f6nlichen Geschmack und deinen Bed\u00fcrfnissen passt. Kurz gesagt: Der Toro-Esszimmerstuhl ist eine wundersch\u00f6ne Erg\u00e4nzung f\u00fcr jedes Esszimmer, die sowohl Stil als auch Komfort bietet. <\/p>\n<p>Komm bei uns vorbei, um dir alle M\u00f6glichkeiten anzusehen.<\/p>\n","protected":false},"featured_media":4156,"template":"","meta":{"_joinchat":[]},"product_brand":[],"product_cat":[128,136,140,124],"product_tag":[],"class_list":{"0":"post-7599","1":"product","2":"type-product","3":"status-publish","4":"has-post-thumbnail","6":"product_cat-esszimmerstuhle","7":"product_cat-marken","8":"product_cat-mobitec","9":"product_cat-sitzmobel","11":"first","12":"instock","13":"shipping-taxable","14":"product-type-simple"},"_links":{"self":[{"href":"https:\/\/pinedesign.nl\/de\/wp-json\/wp\/v2\/product\/7599","targetHints":{"allow":["GET"]}}],"collection":[{"href":"https:\/\/pinedesign.nl\/de\/wp-json\/wp\/v2\/product"}],"about":[{"href":"https:\/\/pinedesign.nl\/de\/wp-json\/wp\/v2\/types\/product"}],"wp:featuredmedia":[{"embeddable":true,"href":"https:\/\/pinedesign.nl\/de\/wp-json\/wp\/v2\/media\/4156"}],"wp:attachment":[{"href":"https:\/\/pinedesign.nl\/de\/wp-json\/wp\/v2\/media?parent=7599"}],"wp:term":[{"taxonomy":"product_brand","embeddable":true,"href":"https:\/\/pinedesign.nl\/de\/wp-json\/wp\/v2\/product_brand?post=7599"},{"taxonomy":"product_cat","embeddable":true,"href":"https:\/\/pinedesign.nl\/de\/wp-json\/wp\/v2\/product_cat?post=7599"},{"taxonomy":"product_tag","embeddable":true,"href":"https:\/\/pinedesign.nl\/de\/wp-json\/wp\/v2\/product_tag?post=7599"}],"curies":[{"name":"wp","href":"https:\/\/api.w.org\/{rel}","templated":true}]}}