{"id":7584,"date":"2023-09-15T14:05:15","date_gmt":"2023-09-15T14:05:15","guid":{"rendered":"https:\/\/pinedesign.nl\/product\/esszimmerstuhl-mood-95-m1312\/"},"modified":"2023-09-15T14:05:15","modified_gmt":"2023-09-15T14:05:15","slug":"esszimmerstuhl-mood-95-m1312","status":"publish","type":"product","link":"https:\/\/pinedesign.nl\/de\/product\/esszimmerstuhl-mood-95-m1312\/","title":{"rendered":"Esszimmerstuhl Mood #95 M1312"},"content":{"rendered":"<p>Die Mood Esszimmerst\u00fchle von Mobitec sind eine raffinierte Wahl f\u00fcr alle, die Komfort und Stil in ihrem Essbereich suchen. Diese St\u00fchle bieten zahlreiche Personalisierungsm\u00f6glichkeiten, sodass du deinen ganz eigenen, einzigartigen Stuhl kreieren kannst. <\/p>\n<p>Bei den Mood St\u00fchlen hast du die Freiheit, aus einem umfangreichen Sortiment an Beinen in verschiedenen Stilen und Farben zu w\u00e4hlen. Zudem kannst du den Stuhl mit diversen Stoff- und Lederarten beziehen, um die perfekte Textur und Optik f\u00fcr deinen Geschmack und dein Interieur zu finden. <\/p>\n<p>Ob du einen Stuhl mit Drehgestell bevorzugst oder lieber ein Modell ohne, liegt ganz bei dir. Die Mood Esszimmerst\u00fchle von Mobitec spiegeln deine pers\u00f6nlichen Vorlieben wider und verleihen deinem Esszimmer eine individuelle Atmosph\u00e4re. <\/p>\n<p>Komm bei uns vorbei, um dir alle M\u00f6glichkeiten anzusehen.<\/p>\n","protected":false},"excerpt":{"rendered":"<p>Die Mood Esszimmerst\u00fchle von Mobitec sind eine raffinierte Wahl f\u00fcr alle, die Komfort und Stil in ihrem Essbereich suchen. Diese St\u00fchle bieten zahlreiche Personalisierungsm\u00f6glichkeiten, sodass du deinen ganz eigenen, einzigartigen Stuhl kreieren kannst. <\/p>\n<p>Bei den Mood St\u00fchlen hast du die Freiheit, aus einem umfangreichen Sortiment an Beinen in verschiedenen Stilen und Farben zu w\u00e4hlen. Zudem kannst du den Stuhl mit diversen Stoff- und Lederarten beziehen, um die perfekte Textur und Optik f\u00fcr deinen Geschmack und dein Interieur zu finden. <\/p>\n<p>Ob du einen Stuhl mit Drehgestell bevorzugst oder lieber ein Modell ohne, liegt ganz bei dir. Die Mood Esszimmerst\u00fchle von Mobitec spiegeln deine pers\u00f6nlichen Vorlieben wider und verleihen deinem Esszimmer eine individuelle Atmosph\u00e4re. <\/p>\n<p>Komm bei uns vorbei, um dir alle M\u00f6glichkeiten anzusehen.<\/p>\n","protected":false},"featured_media":4124,"template":"","meta":{"_joinchat":[]},"product_brand":[],"product_cat":[128,136,140,124],"product_tag":[],"class_list":{"0":"post-7584","1":"product","2":"type-product","3":"status-publish","4":"has-post-thumbnail","6":"product_cat-esszimmerstuhle","7":"product_cat-marken","8":"product_cat-mobitec","9":"product_cat-sitzmobel","11":"first","12":"instock","13":"shipping-taxable","14":"product-type-simple"},"_links":{"self":[{"href":"https:\/\/pinedesign.nl\/de\/wp-json\/wp\/v2\/product\/7584","targetHints":{"allow":["GET"]}}],"collection":[{"href":"https:\/\/pinedesign.nl\/de\/wp-json\/wp\/v2\/product"}],"about":[{"href":"https:\/\/pinedesign.nl\/de\/wp-json\/wp\/v2\/types\/product"}],"wp:featuredmedia":[{"embeddable":true,"href":"https:\/\/pinedesign.nl\/de\/wp-json\/wp\/v2\/media\/4124"}],"wp:attachment":[{"href":"https:\/\/pinedesign.nl\/de\/wp-json\/wp\/v2\/media?parent=7584"}],"wp:term":[{"taxonomy":"product_brand","embeddable":true,"href":"https:\/\/pinedesign.nl\/de\/wp-json\/wp\/v2\/product_brand?post=7584"},{"taxonomy":"product_cat","embeddable":true,"href":"https:\/\/pinedesign.nl\/de\/wp-json\/wp\/v2\/product_cat?post=7584"},{"taxonomy":"product_tag","embeddable":true,"href":"https:\/\/pinedesign.nl\/de\/wp-json\/wp\/v2\/product_tag?post=7584"}],"curies":[{"name":"wp","href":"https:\/\/api.w.org\/{rel}","templated":true}]}}