{"id":7581,"date":"2023-09-15T13:48:49","date_gmt":"2023-09-15T13:48:49","guid":{"rendered":"https:\/\/pinedesign.nl\/product\/esszimmerstuhl-mood-91-m0910\/"},"modified":"2023-09-15T13:48:49","modified_gmt":"2023-09-15T13:48:49","slug":"esszimmerstuhl-mood-91-m0910","status":"publish","type":"product","link":"https:\/\/pinedesign.nl\/de\/product\/esszimmerstuhl-mood-91-m0910\/","title":{"rendered":"Esszimmerstuhl Mood #91 M0910"},"content":{"rendered":"<div class=\"elementor-element elementor-element-fc1a10d elementor-widget elementor-widget-woocommerce-product-short-description\" data-id=\"fc1a10d\" data-element_type=\"widget\" data-widget_type=\"woocommerce-product-short-description.default\">\n<div class=\"elementor-widget-container\">\n<div class=\"woocommerce-product-details__short-description\">\n<p>Die Mood Esszimmerst\u00fchle von Mobitec sind eine raffinierte Wahl f\u00fcr alle, die Komfort und Stil in ihrem Essbereich suchen. Diese St\u00fchle bieten zahlreiche Personalisierungsm\u00f6glichkeiten, sodass du deinen ganz eigenen, einzigartigen Stuhl kreieren kannst. <\/p>\n<p>Bei den Mood St\u00fchlen hast du die Freiheit, aus einem umfangreichen Sortiment an Beinen in verschiedenen Stilen und Farben zu w\u00e4hlen. Zudem kannst du den Stuhl mit diversen Stoff- und Lederarten beziehen und so die perfekte Textur und Optik f\u00fcr deinen Geschmack und dein Interieur ausw\u00e4hlen. <\/p>\n<p>Ob du einen Stuhl mit Drehgestell bevorzugst oder lieber ein Modell ohne, liegt ganz bei dir. Die Mood Esszimmerst\u00fchle von Mobitec spiegeln deine pers\u00f6nlichen Vorlieben wider und verleihen deinem Esszimmer eine individuelle Note. <\/p>\n<p>Komm bei uns vorbei, um dir alle M\u00f6glichkeiten anzusehen.<\/p>\n<\/div>\n<\/div>\n<\/div>\n<div class=\"elementor-element elementor-element-8536f4a elementor-widget elementor-widget-woocommerce-product-price\" data-id=\"8536f4a\" data-element_type=\"widget\" data-widget_type=\"woocommerce-product-price.default\">\n<div class=\"elementor-widget-container\">\n<p class=\"price\">\n<\/div>\n<\/div>\n","protected":false},"excerpt":{"rendered":"<div class=\"elementor-element elementor-element-fc1a10d elementor-widget elementor-widget-woocommerce-product-short-description\" data-id=\"fc1a10d\" data-element_type=\"widget\" data-widget_type=\"woocommerce-product-short-description.default\">\n<div class=\"elementor-widget-container\">\n<div class=\"woocommerce-product-details__short-description\">\n<p>Die Mood Esszimmerst\u00fchle von Mobitec sind eine raffinierte Wahl f\u00fcr alle, die Komfort und Stil in ihrem Essbereich suchen. Diese St\u00fchle bieten zahlreiche Personalisierungsm\u00f6glichkeiten, sodass du deinen ganz eigenen, einzigartigen Stuhl kreieren kannst. <\/p>\n<p>Bei den Mood St\u00fchlen hast du die Freiheit, aus einem umfangreichen Sortiment an Beinen in verschiedenen Stilen und Farben zu w\u00e4hlen. Zudem kannst du den Stuhl mit diversen Stoff- und Lederarten beziehen und so die perfekte Textur und Optik f\u00fcr deinen Geschmack und dein Interieur ausw\u00e4hlen. <\/p>\n<p>Ob du einen Stuhl mit Drehgestell bevorzugst oder lieber ein Modell ohne, liegt ganz bei dir. Die Mood Esszimmerst\u00fchle von Mobitec spiegeln deine pers\u00f6nlichen Vorlieben wider und verleihen deinem Esszimmer eine individuelle Note. <\/p>\n<p>Komm bei uns vorbei, um dir alle M\u00f6glichkeiten anzusehen.<\/p>\n<\/div>\n<\/div>\n<\/div>\n<div class=\"elementor-element elementor-element-8536f4a elementor-widget elementor-widget-woocommerce-product-price\" data-id=\"8536f4a\" data-element_type=\"widget\" data-widget_type=\"woocommerce-product-price.default\">\n<div class=\"elementor-widget-container\">\n<p class=\"price\">\n<\/div>\n<\/div>\n","protected":false},"featured_media":4111,"template":"","meta":{"_joinchat":[]},"product_brand":[],"product_cat":[128,136,140,124],"product_tag":[],"class_list":{"0":"post-7581","1":"product","2":"type-product","3":"status-publish","4":"has-post-thumbnail","6":"product_cat-esszimmerstuhle","7":"product_cat-marken","8":"product_cat-mobitec","9":"product_cat-sitzmobel","11":"first","12":"instock","13":"shipping-taxable","14":"product-type-simple"},"_links":{"self":[{"href":"https:\/\/pinedesign.nl\/de\/wp-json\/wp\/v2\/product\/7581","targetHints":{"allow":["GET"]}}],"collection":[{"href":"https:\/\/pinedesign.nl\/de\/wp-json\/wp\/v2\/product"}],"about":[{"href":"https:\/\/pinedesign.nl\/de\/wp-json\/wp\/v2\/types\/product"}],"wp:featuredmedia":[{"embeddable":true,"href":"https:\/\/pinedesign.nl\/de\/wp-json\/wp\/v2\/media\/4111"}],"wp:attachment":[{"href":"https:\/\/pinedesign.nl\/de\/wp-json\/wp\/v2\/media?parent=7581"}],"wp:term":[{"taxonomy":"product_brand","embeddable":true,"href":"https:\/\/pinedesign.nl\/de\/wp-json\/wp\/v2\/product_brand?post=7581"},{"taxonomy":"product_cat","embeddable":true,"href":"https:\/\/pinedesign.nl\/de\/wp-json\/wp\/v2\/product_cat?post=7581"},{"taxonomy":"product_tag","embeddable":true,"href":"https:\/\/pinedesign.nl\/de\/wp-json\/wp\/v2\/product_tag?post=7581"}],"curies":[{"name":"wp","href":"https:\/\/api.w.org\/{rel}","templated":true}]}}