{"id":7552,"date":"2023-09-11T14:47:15","date_gmt":"2023-09-11T14:47:15","guid":{"rendered":"https:\/\/pinedesign.nl\/product\/sideboard-detroit\/"},"modified":"2023-09-11T14:47:15","modified_gmt":"2023-09-11T14:47:15","slug":"sideboard-detroit","status":"publish","type":"product","link":"https:\/\/pinedesign.nl\/de\/product\/sideboard-detroit\/","title":{"rendered":"Sideboard Detroit"},"content":{"rendered":"<p>Handgefertigtes Metall-Sideboard Detroit von New Routz mit 4 T\u00fcren in Vintage-Schwarz, Wei\u00df, Olivgr\u00fcn oder Sandfarben.<\/p>\n<p>H 80 x B 190 x T 46 cm<\/p>\n","protected":false},"excerpt":{"rendered":"<p>Handgefertigtes Metall-Sideboard Detroit von New Routz mit 4 T\u00fcren in Vintage-Schwarz, Wei\u00df, Olivgr\u00fcn oder Sandfarben.<\/p>\n<p>H 80 x B 190 x T 46 cm<\/p>\n","protected":false},"featured_media":4007,"template":"","meta":{"_joinchat":[]},"product_brand":[],"product_cat":[115,117],"product_tag":[],"class_list":{"0":"post-7552","1":"product","2":"type-product","3":"status-publish","4":"has-post-thumbnail","6":"product_cat-schranke","7":"product_cat-sideboard","9":"first","10":"instock","11":"shipping-taxable","12":"product-type-simple"},"_links":{"self":[{"href":"https:\/\/pinedesign.nl\/de\/wp-json\/wp\/v2\/product\/7552","targetHints":{"allow":["GET"]}}],"collection":[{"href":"https:\/\/pinedesign.nl\/de\/wp-json\/wp\/v2\/product"}],"about":[{"href":"https:\/\/pinedesign.nl\/de\/wp-json\/wp\/v2\/types\/product"}],"wp:featuredmedia":[{"embeddable":true,"href":"https:\/\/pinedesign.nl\/de\/wp-json\/wp\/v2\/media\/4007"}],"wp:attachment":[{"href":"https:\/\/pinedesign.nl\/de\/wp-json\/wp\/v2\/media?parent=7552"}],"wp:term":[{"taxonomy":"product_brand","embeddable":true,"href":"https:\/\/pinedesign.nl\/de\/wp-json\/wp\/v2\/product_brand?post=7552"},{"taxonomy":"product_cat","embeddable":true,"href":"https:\/\/pinedesign.nl\/de\/wp-json\/wp\/v2\/product_cat?post=7552"},{"taxonomy":"product_tag","embeddable":true,"href":"https:\/\/pinedesign.nl\/de\/wp-json\/wp\/v2\/product_tag?post=7552"}],"curies":[{"name":"wp","href":"https:\/\/api.w.org\/{rel}","templated":true}]}}