{"id":7551,"date":"2023-09-15T13:32:58","date_gmt":"2023-09-15T13:32:58","guid":{"rendered":"https:\/\/pinedesign.nl\/product\/esszimmerstuhl-lena\/"},"modified":"2023-09-15T13:32:58","modified_gmt":"2023-09-15T13:32:58","slug":"esszimmerstuhl-lena","status":"publish","type":"product","link":"https:\/\/pinedesign.nl\/de\/product\/esszimmerstuhl-lena\/","title":{"rendered":"Esszimmerstuhl Lena"},"content":{"rendered":"<p>Dieser komfortable und elegante Esszimmerstuhl Lena von Mobitec besteht aus einem massiven Buchengestell, das mit einer doppelten Schaumschicht gepolstert ist. Die Sitzfl\u00e4che ist zudem mit einer Nosag-Federung f\u00fcr pure Weichheit ausgestattet. <\/p>\n<p>Wie alle Mobitec-St\u00fchle ist dieser Lena Esszimmerstuhl personalisierbar. Die Beine sind in verschiedenen T\u00f6nen in massiver Buche, Eiche oder Nussbaum erh\u00e4ltlich. Lieferbar in verschiedenen Stoff- und Lederarten. Komm bei uns vorbei, um alle M\u00f6glichkeiten zu entdecken.   <\/p>\n","protected":false},"excerpt":{"rendered":"<p>Dieser komfortable und elegante Esszimmerstuhl Lena von Mobitec besteht aus einem massiven Buchengestell, das mit einer doppelten Schaumschicht gepolstert ist. Die Sitzfl\u00e4che ist zudem mit einer Nosag-Federung f\u00fcr pure Weichheit ausgestattet. <\/p>\n<p>Wie alle Mobitec-St\u00fchle ist dieser Lena Esszimmerstuhl personalisierbar. Die Beine sind in verschiedenen T\u00f6nen in massiver Buche, Eiche oder Nussbaum erh\u00e4ltlich. Lieferbar in verschiedenen Stoff- und Lederarten. Komm bei uns vorbei, um alle M\u00f6glichkeiten zu entdecken.   <\/p>\n","protected":false},"featured_media":4100,"template":"","meta":{"_joinchat":[]},"product_brand":[],"product_cat":[128,136,140,124],"product_tag":[],"class_list":{"0":"post-7551","1":"product","2":"type-product","3":"status-publish","4":"has-post-thumbnail","6":"product_cat-esszimmerstuhle","7":"product_cat-marken","8":"product_cat-mobitec","9":"product_cat-sitzmobel","11":"first","12":"instock","13":"shipping-taxable","14":"product-type-simple"},"_links":{"self":[{"href":"https:\/\/pinedesign.nl\/de\/wp-json\/wp\/v2\/product\/7551","targetHints":{"allow":["GET"]}}],"collection":[{"href":"https:\/\/pinedesign.nl\/de\/wp-json\/wp\/v2\/product"}],"about":[{"href":"https:\/\/pinedesign.nl\/de\/wp-json\/wp\/v2\/types\/product"}],"wp:featuredmedia":[{"embeddable":true,"href":"https:\/\/pinedesign.nl\/de\/wp-json\/wp\/v2\/media\/4100"}],"wp:attachment":[{"href":"https:\/\/pinedesign.nl\/de\/wp-json\/wp\/v2\/media?parent=7551"}],"wp:term":[{"taxonomy":"product_brand","embeddable":true,"href":"https:\/\/pinedesign.nl\/de\/wp-json\/wp\/v2\/product_brand?post=7551"},{"taxonomy":"product_cat","embeddable":true,"href":"https:\/\/pinedesign.nl\/de\/wp-json\/wp\/v2\/product_cat?post=7551"},{"taxonomy":"product_tag","embeddable":true,"href":"https:\/\/pinedesign.nl\/de\/wp-json\/wp\/v2\/product_tag?post=7551"}],"curies":[{"name":"wp","href":"https:\/\/api.w.org\/{rel}","templated":true}]}}