{"id":7535,"date":"2023-09-11T15:16:19","date_gmt":"2023-09-11T15:16:19","guid":{"rendered":"https:\/\/pinedesign.nl\/product\/couchtisch-dallas\/"},"modified":"2023-09-11T15:16:19","modified_gmt":"2023-09-11T15:16:19","slug":"couchtisch-dallas","status":"publish","type":"product","link":"https:\/\/pinedesign.nl\/de\/product\/couchtisch-dallas\/","title":{"rendered":"Couchtisch Dallas"},"content":{"rendered":"<p>Runder Couchtisch Dallas von New Routz mit einer robusten und organischen Ausstrahlung. Dallas ist aus hochwertigem Metall gefertigt und in Vintage-Schwarz oder moderner Sandfarbe erh\u00e4ltlich. In 2 Gr\u00f6\u00dfen verf\u00fcgbar und auch mit einer Tischplatte aus schwarzem Rauchglas lieferbar.  <\/p>\n<p>Klein: 60 x H 37 cm.<br \/>\nGro\u00df: 93 x H 42,5 cm.<\/p>\n","protected":false},"excerpt":{"rendered":"<p>Runder Couchtisch Dallas von New Routz mit einer robusten und organischen Ausstrahlung. Dallas ist aus hochwertigem Metall gefertigt und in Vintage-Schwarz oder moderner Sandfarbe erh\u00e4ltlich. In 2 Gr\u00f6\u00dfen verf\u00fcgbar und auch mit einer Tischplatte aus schwarzem Rauchglas lieferbar.  <\/p>\n<p>Klein: 60 x H 37 cm.<br \/>\nGro\u00df: 93 x H 42,5 cm.<\/p>\n","protected":false},"featured_media":4045,"template":"","meta":{"_joinchat":[]},"product_brand":[],"product_cat":[135,136,138,121],"product_tag":[],"class_list":{"0":"post-7535","1":"product","2":"type-product","3":"status-publish","4":"has-post-thumbnail","6":"product_cat-couchtische","7":"product_cat-marken","8":"product_cat-new-routz","9":"product_cat-tische","11":"first","12":"instock","13":"shipping-taxable","14":"product-type-simple"},"_links":{"self":[{"href":"https:\/\/pinedesign.nl\/de\/wp-json\/wp\/v2\/product\/7535","targetHints":{"allow":["GET"]}}],"collection":[{"href":"https:\/\/pinedesign.nl\/de\/wp-json\/wp\/v2\/product"}],"about":[{"href":"https:\/\/pinedesign.nl\/de\/wp-json\/wp\/v2\/types\/product"}],"wp:featuredmedia":[{"embeddable":true,"href":"https:\/\/pinedesign.nl\/de\/wp-json\/wp\/v2\/media\/4045"}],"wp:attachment":[{"href":"https:\/\/pinedesign.nl\/de\/wp-json\/wp\/v2\/media?parent=7535"}],"wp:term":[{"taxonomy":"product_brand","embeddable":true,"href":"https:\/\/pinedesign.nl\/de\/wp-json\/wp\/v2\/product_brand?post=7535"},{"taxonomy":"product_cat","embeddable":true,"href":"https:\/\/pinedesign.nl\/de\/wp-json\/wp\/v2\/product_cat?post=7535"},{"taxonomy":"product_tag","embeddable":true,"href":"https:\/\/pinedesign.nl\/de\/wp-json\/wp\/v2\/product_tag?post=7535"}],"curies":[{"name":"wp","href":"https:\/\/api.w.org\/{rel}","templated":true}]}}