{"id":7534,"date":"2023-09-11T13:50:07","date_gmt":"2023-09-11T13:50:07","guid":{"rendered":"https:\/\/pinedesign.nl\/product\/schrank-washington-2\/"},"modified":"2023-09-11T13:50:07","modified_gmt":"2023-09-11T13:50:07","slug":"schrank-washington-2","status":"publish","type":"product","link":"https:\/\/pinedesign.nl\/de\/product\/schrank-washington-2\/","title":{"rendered":"Schrank Washington"},"content":{"rendered":"<p>Metall-Vitrinenschrank Washington von New Routz mit 2 \u00fcbereinanderliegenden T\u00fcren, ausgef\u00fchrt in Vintage-Schwarz mit wei\u00dfer Innenseite. Der obere Teil der T\u00fcren ist mit Klarglas versehen, im Inneren befinden sich Glasb\u00f6den. Auch in Schwarz oder komplett in Vintage-Wei\u00df erh\u00e4ltlich.  <\/p>\n<p>H 200 x B 50 x T 40 cm.<\/p>\n","protected":false},"excerpt":{"rendered":"<p>Metall-Vitrinenschrank Washington von New Routz mit 2 \u00fcbereinanderliegenden T\u00fcren, ausgef\u00fchrt in Vintage-Schwarz mit wei\u00dfer Innenseite. Der obere Teil der T\u00fcren ist mit Klarglas versehen, im Inneren befinden sich Glasb\u00f6den. Auch in Schwarz oder komplett in Vintage-Wei\u00df erh\u00e4ltlich.  <\/p>\n<p>H 200 x B 50 x T 40 cm.<\/p>\n","protected":false},"featured_media":3962,"template":"","meta":{"_joinchat":[]},"product_brand":[],"product_cat":[115,131],"product_tag":[],"class_list":{"0":"post-7534","1":"product","2":"type-product","3":"status-publish","4":"has-post-thumbnail","6":"product_cat-schranke","7":"product_cat-wandschranke","9":"first","10":"instock","11":"shipping-taxable","12":"product-type-simple"},"_links":{"self":[{"href":"https:\/\/pinedesign.nl\/de\/wp-json\/wp\/v2\/product\/7534","targetHints":{"allow":["GET"]}}],"collection":[{"href":"https:\/\/pinedesign.nl\/de\/wp-json\/wp\/v2\/product"}],"about":[{"href":"https:\/\/pinedesign.nl\/de\/wp-json\/wp\/v2\/types\/product"}],"wp:featuredmedia":[{"embeddable":true,"href":"https:\/\/pinedesign.nl\/de\/wp-json\/wp\/v2\/media\/3962"}],"wp:attachment":[{"href":"https:\/\/pinedesign.nl\/de\/wp-json\/wp\/v2\/media?parent=7534"}],"wp:term":[{"taxonomy":"product_brand","embeddable":true,"href":"https:\/\/pinedesign.nl\/de\/wp-json\/wp\/v2\/product_brand?post=7534"},{"taxonomy":"product_cat","embeddable":true,"href":"https:\/\/pinedesign.nl\/de\/wp-json\/wp\/v2\/product_cat?post=7534"},{"taxonomy":"product_tag","embeddable":true,"href":"https:\/\/pinedesign.nl\/de\/wp-json\/wp\/v2\/product_tag?post=7534"}],"curies":[{"name":"wp","href":"https:\/\/api.w.org\/{rel}","templated":true}]}}