{"id":7527,"date":"2023-09-11T12:26:49","date_gmt":"2023-09-11T12:26:49","guid":{"rendered":"https:\/\/pinedesign.nl\/product\/schrank-detroit-2\/"},"modified":"2023-09-11T12:26:49","modified_gmt":"2023-09-11T12:26:49","slug":"schrank-detroit-2","status":"publish","type":"product","link":"https:\/\/pinedesign.nl\/de\/product\/schrank-detroit-2\/","title":{"rendered":"Schrank Detroit"},"content":{"rendered":"<p>Entdecke unsere wundersch\u00f6ne, handgefertigte Metall-Vitrine Detroit von New Routz mit 6 T\u00fcren \u2013 ein elegantes M\u00f6belst\u00fcck, das sowohl stilvoll als auch funktional ist. Dieser raffinierte Schrank wurde entworfen, um deine kostbaren Besitzt\u00fcmer ins Rampenlicht zu r\u00fccken, und bietet die perfekte Balance zwischen Stauraum und \u00c4sthetik. <\/p>\n<p>Die Vitrine Detroit ist in Vintage-Schwarz, Olivgr\u00fcn, Terra, Sandfarben und komplett in Wei\u00df erh\u00e4ltlich.<\/p>\n<p>H 240 x B 142 x T 47 cm<\/p>\n","protected":false},"excerpt":{"rendered":"<p>Entdecke unsere wundersch\u00f6ne, handgefertigte Metall-Vitrine Detroit von New Routz mit 6 T\u00fcren \u2013 ein elegantes M\u00f6belst\u00fcck, das sowohl stilvoll als auch funktional ist. Dieser raffinierte Schrank wurde entworfen, um deine kostbaren Besitzt\u00fcmer ins Rampenlicht zu r\u00fccken, und bietet die perfekte Balance zwischen Stauraum und \u00c4sthetik. <\/p>\n<p>Die Vitrine Detroit ist in Vintage-Schwarz, Olivgr\u00fcn, Terra, Sandfarben und komplett in Wei\u00df erh\u00e4ltlich.<\/p>\n<p>H 240 x B 142 x T 47 cm<\/p>\n","protected":false},"featured_media":3926,"template":"","meta":{"_joinchat":[]},"product_brand":[],"product_cat":[115,131],"product_tag":[],"class_list":{"0":"post-7527","1":"product","2":"type-product","3":"status-publish","4":"has-post-thumbnail","6":"product_cat-schranke","7":"product_cat-wandschranke","9":"first","10":"instock","11":"shipping-taxable","12":"product-type-simple"},"_links":{"self":[{"href":"https:\/\/pinedesign.nl\/de\/wp-json\/wp\/v2\/product\/7527","targetHints":{"allow":["GET"]}}],"collection":[{"href":"https:\/\/pinedesign.nl\/de\/wp-json\/wp\/v2\/product"}],"about":[{"href":"https:\/\/pinedesign.nl\/de\/wp-json\/wp\/v2\/types\/product"}],"wp:featuredmedia":[{"embeddable":true,"href":"https:\/\/pinedesign.nl\/de\/wp-json\/wp\/v2\/media\/3926"}],"wp:attachment":[{"href":"https:\/\/pinedesign.nl\/de\/wp-json\/wp\/v2\/media?parent=7527"}],"wp:term":[{"taxonomy":"product_brand","embeddable":true,"href":"https:\/\/pinedesign.nl\/de\/wp-json\/wp\/v2\/product_brand?post=7527"},{"taxonomy":"product_cat","embeddable":true,"href":"https:\/\/pinedesign.nl\/de\/wp-json\/wp\/v2\/product_cat?post=7527"},{"taxonomy":"product_tag","embeddable":true,"href":"https:\/\/pinedesign.nl\/de\/wp-json\/wp\/v2\/product_tag?post=7527"}],"curies":[{"name":"wp","href":"https:\/\/api.w.org\/{rel}","templated":true}]}}