{"id":7522,"date":"2023-09-11T13:42:02","date_gmt":"2023-09-11T13:42:02","guid":{"rendered":"https:\/\/pinedesign.nl\/product\/schrank-garland-2\/"},"modified":"2023-09-11T13:42:02","modified_gmt":"2023-09-11T13:42:02","slug":"schrank-garland-2","status":"publish","type":"product","link":"https:\/\/pinedesign.nl\/de\/product\/schrank-garland-2\/","title":{"rendered":"Schrank Garland"},"content":{"rendered":"<div class=\"elementor-element elementor-element-fc1a10d elementor-widget elementor-widget-woocommerce-product-short-description\" data-id=\"fc1a10d\" data-element_type=\"widget\" data-widget_type=\"woocommerce-product-short-description.default\">\n<div class=\"elementor-widget-container\">\n<div class=\"woocommerce-product-details__short-description\">\n<p>Metall-Vitrine Garland mit 6 T\u00fcren. Handgefertigt im Vintage-Look in den Farben Schwarz, Olivgr\u00fcn oder Terra mit Klarglas. Auch als kleineres Modell mit 4 T\u00fcren erh\u00e4ltlich.  <\/p>\n<p>H 220 x B 180 x T 42 cm<\/p>\n<\/div>\n<\/div>\n<\/div>\n<div class=\"elementor-element elementor-element-8536f4a elementor-widget elementor-widget-woocommerce-product-price\" data-id=\"8536f4a\" data-element_type=\"widget\" data-widget_type=\"woocommerce-product-price.default\">\n<div class=\"elementor-widget-container\">\n<p class=\"price\">\n<\/div>\n<\/div>\n<div class=\"elementor-element elementor-element-98af135 elementor-widget elementor-widget-button\" data-id=\"98af135\" data-element_type=\"widget\" data-widget_type=\"button.default\">\n<div class=\"elementor-widget-container\">\n<div class=\"elementor-button-wrapper\"><\/div>\n<\/div>\n<\/div>\n","protected":false},"excerpt":{"rendered":"<p>Metall-Vitrine Garland mit 6 T\u00fcren. Handgefertigt im Vintage-Look in den Farben Schwarz, Olivgr\u00fcn oder Terra mit Klarglas. Auch als kleineres Modell mit 4 T\u00fcren erh\u00e4ltlich.  <\/p>\n<p>H 220 x B 180 x T 42 cm<\/p>\n","protected":false},"featured_media":3957,"template":"","meta":{"_joinchat":[]},"product_brand":[],"product_cat":[115,131,107],"product_tag":[],"class_list":{"0":"post-7522","1":"product","2":"type-product","3":"status-publish","4":"has-post-thumbnail","6":"product_cat-schranke","7":"product_cat-wandschranke","8":"product_cat-nicht-kategorisiert","10":"first","11":"instock","12":"shipping-taxable","13":"product-type-simple"},"_links":{"self":[{"href":"https:\/\/pinedesign.nl\/de\/wp-json\/wp\/v2\/product\/7522","targetHints":{"allow":["GET"]}}],"collection":[{"href":"https:\/\/pinedesign.nl\/de\/wp-json\/wp\/v2\/product"}],"about":[{"href":"https:\/\/pinedesign.nl\/de\/wp-json\/wp\/v2\/types\/product"}],"wp:featuredmedia":[{"embeddable":true,"href":"https:\/\/pinedesign.nl\/de\/wp-json\/wp\/v2\/media\/3957"}],"wp:attachment":[{"href":"https:\/\/pinedesign.nl\/de\/wp-json\/wp\/v2\/media?parent=7522"}],"wp:term":[{"taxonomy":"product_brand","embeddable":true,"href":"https:\/\/pinedesign.nl\/de\/wp-json\/wp\/v2\/product_brand?post=7522"},{"taxonomy":"product_cat","embeddable":true,"href":"https:\/\/pinedesign.nl\/de\/wp-json\/wp\/v2\/product_cat?post=7522"},{"taxonomy":"product_tag","embeddable":true,"href":"https:\/\/pinedesign.nl\/de\/wp-json\/wp\/v2\/product_tag?post=7522"}],"curies":[{"name":"wp","href":"https:\/\/api.w.org\/{rel}","templated":true}]}}