{"id":7519,"date":"2023-09-08T16:33:46","date_gmt":"2023-09-08T16:33:46","guid":{"rendered":"https:\/\/pinedesign.nl\/product\/couchtisch-obit\/"},"modified":"2023-09-08T16:33:46","modified_gmt":"2023-09-08T16:33:46","slug":"couchtisch-obit","status":"publish","type":"product","link":"https:\/\/pinedesign.nl\/de\/product\/couchtisch-obit\/","title":{"rendered":"Couchtisch Obit"},"content":{"rendered":"<p>Modell Obit steht f\u00fcr sich selbst. Das robuste Dreibein-Gestell an der Unterseite ist genau die Basis, die die Keramikplatte braucht. Die Platte aus reinem Naturmaterial hat eine kraftvolle Ausstrahlung, wirkt aber durch das offene Gestell dennoch leicht.  <\/p>\n<p>In 2 Gr\u00f6\u00dfen erh\u00e4ltlich:<\/p>\n<ul>\n<li>90 cm<\/li>\n<li>60 cm<\/li>\n<\/ul>\n<p>In verschiedenen Farben erh\u00e4ltlich. Komm bei uns vorbei, um dir alle M\u00f6glichkeiten anzusehen. <\/p>\n","protected":false},"excerpt":{"rendered":"<p>Modell Obit steht f\u00fcr sich selbst. Das robuste Dreibein-Gestell an der Unterseite ist genau die Basis, die die Keramikplatte braucht. Die Platte aus reinem Naturmaterial hat eine kraftvolle Ausstrahlung, wirkt aber durch das offene Gestell dennoch leicht.  <\/p>\n<p>In 2 Gr\u00f6\u00dfen erh\u00e4ltlich:<\/p>\n<ul>\n<li>90 cm<\/li>\n<li>60 cm<\/li>\n<\/ul>\n<p>In verschiedenen Farben erh\u00e4ltlich. Komm bei uns vorbei, um dir alle M\u00f6glichkeiten anzusehen. <\/p>\n","protected":false},"featured_media":3822,"template":"","meta":{"_joinchat":[]},"product_brand":[],"product_cat":[135,137,136,121],"product_tag":[],"class_list":{"0":"post-7519","1":"product","2":"type-product","3":"status-publish","4":"has-post-thumbnail","6":"product_cat-couchtische","7":"product_cat-dyyk","8":"product_cat-marken","9":"product_cat-tische","11":"first","12":"instock","13":"shipping-taxable","14":"product-type-simple"},"_links":{"self":[{"href":"https:\/\/pinedesign.nl\/de\/wp-json\/wp\/v2\/product\/7519","targetHints":{"allow":["GET"]}}],"collection":[{"href":"https:\/\/pinedesign.nl\/de\/wp-json\/wp\/v2\/product"}],"about":[{"href":"https:\/\/pinedesign.nl\/de\/wp-json\/wp\/v2\/types\/product"}],"wp:featuredmedia":[{"embeddable":true,"href":"https:\/\/pinedesign.nl\/de\/wp-json\/wp\/v2\/media\/3822"}],"wp:attachment":[{"href":"https:\/\/pinedesign.nl\/de\/wp-json\/wp\/v2\/media?parent=7519"}],"wp:term":[{"taxonomy":"product_brand","embeddable":true,"href":"https:\/\/pinedesign.nl\/de\/wp-json\/wp\/v2\/product_brand?post=7519"},{"taxonomy":"product_cat","embeddable":true,"href":"https:\/\/pinedesign.nl\/de\/wp-json\/wp\/v2\/product_cat?post=7519"},{"taxonomy":"product_tag","embeddable":true,"href":"https:\/\/pinedesign.nl\/de\/wp-json\/wp\/v2\/product_tag?post=7519"}],"curies":[{"name":"wp","href":"https:\/\/api.w.org\/{rel}","templated":true}]}}