{"id":7515,"date":"2023-09-11T12:54:52","date_gmt":"2023-09-11T12:54:52","guid":{"rendered":"https:\/\/pinedesign.nl\/product\/schrank-washington\/"},"modified":"2023-09-11T12:54:52","modified_gmt":"2023-09-11T12:54:52","slug":"schrank-washington","status":"publish","type":"product","link":"https:\/\/pinedesign.nl\/de\/product\/schrank-washington\/","title":{"rendered":"Schrank Washington"},"content":{"rendered":"<p>Metall-Vitrine Washington von New Routz mit 2 T\u00fcren. Der obere Teil der T\u00fcren ist mit Klarglas versehen, innen befinden sich oben Glasb\u00f6den und unten Metall-Einlegeb\u00f6den. Diese Vitrine ist in Schwarz, Wei\u00df oder Grey Lilac lieferbar.  <\/p>\n<p>H 200 x B 100 x T 40 cm<\/p>\n","protected":false},"excerpt":{"rendered":"<p>Metall-Vitrine Washington von New Routz mit 2 T\u00fcren. Der obere Teil der T\u00fcren ist mit Klarglas versehen, innen befinden sich oben Glasb\u00f6den und unten Metall-Einlegeb\u00f6den. Diese Vitrine ist in Schwarz, Wei\u00df oder Grey Lilac lieferbar.  <\/p>\n<p>H 200 x B 100 x T 40 cm<\/p>\n","protected":false},"featured_media":3952,"template":"","meta":{"_joinchat":[]},"product_brand":[],"product_cat":[115,131],"product_tag":[],"class_list":{"0":"post-7515","1":"product","2":"type-product","3":"status-publish","4":"has-post-thumbnail","6":"product_cat-schranke","7":"product_cat-wandschranke","9":"first","10":"instock","11":"shipping-taxable","12":"product-type-simple"},"_links":{"self":[{"href":"https:\/\/pinedesign.nl\/de\/wp-json\/wp\/v2\/product\/7515","targetHints":{"allow":["GET"]}}],"collection":[{"href":"https:\/\/pinedesign.nl\/de\/wp-json\/wp\/v2\/product"}],"about":[{"href":"https:\/\/pinedesign.nl\/de\/wp-json\/wp\/v2\/types\/product"}],"wp:featuredmedia":[{"embeddable":true,"href":"https:\/\/pinedesign.nl\/de\/wp-json\/wp\/v2\/media\/3952"}],"wp:attachment":[{"href":"https:\/\/pinedesign.nl\/de\/wp-json\/wp\/v2\/media?parent=7515"}],"wp:term":[{"taxonomy":"product_brand","embeddable":true,"href":"https:\/\/pinedesign.nl\/de\/wp-json\/wp\/v2\/product_brand?post=7515"},{"taxonomy":"product_cat","embeddable":true,"href":"https:\/\/pinedesign.nl\/de\/wp-json\/wp\/v2\/product_cat?post=7515"},{"taxonomy":"product_tag","embeddable":true,"href":"https:\/\/pinedesign.nl\/de\/wp-json\/wp\/v2\/product_tag?post=7515"}],"curies":[{"name":"wp","href":"https:\/\/api.w.org\/{rel}","templated":true}]}}