{"id":7505,"date":"2023-09-11T12:43:29","date_gmt":"2023-09-11T12:43:29","guid":{"rendered":"https:\/\/pinedesign.nl\/product\/schrank-garland\/"},"modified":"2023-09-11T12:43:29","modified_gmt":"2023-09-11T12:43:29","slug":"schrank-garland","status":"publish","type":"product","link":"https:\/\/pinedesign.nl\/de\/product\/schrank-garland\/","title":{"rendered":"Schrank Garland"},"content":{"rendered":"<p>Metall-Vitrine Garland mit 4 T\u00fcren. Handgefertigt im Vintage-Look in den Farben Schwarz, Olivgr\u00fcn oder Terra mit Klarglas. Auch als gr\u00f6\u00dferes Modell mit 6 T\u00fcren erh\u00e4ltlich.  <\/p>\n<p>H 220 x B 120 x T 42 cm<\/p>\n","protected":false},"excerpt":{"rendered":"<p>Metall-Vitrine Garland mit 4 T\u00fcren. Handgefertigt im Vintage-Look in den Farben Schwarz, Olivgr\u00fcn oder Terra mit Klarglas. Auch als gr\u00f6\u00dferes Modell mit 6 T\u00fcren erh\u00e4ltlich.  <\/p>\n<p>H 220 x B 120 x T 42 cm<\/p>\n","protected":false},"featured_media":3948,"template":"","meta":{"_joinchat":[]},"product_brand":[],"product_cat":[115,131],"product_tag":[],"class_list":{"0":"post-7505","1":"product","2":"type-product","3":"status-publish","4":"has-post-thumbnail","6":"product_cat-schranke","7":"product_cat-wandschranke","9":"first","10":"instock","11":"shipping-taxable","12":"product-type-simple"},"_links":{"self":[{"href":"https:\/\/pinedesign.nl\/de\/wp-json\/wp\/v2\/product\/7505","targetHints":{"allow":["GET"]}}],"collection":[{"href":"https:\/\/pinedesign.nl\/de\/wp-json\/wp\/v2\/product"}],"about":[{"href":"https:\/\/pinedesign.nl\/de\/wp-json\/wp\/v2\/types\/product"}],"wp:featuredmedia":[{"embeddable":true,"href":"https:\/\/pinedesign.nl\/de\/wp-json\/wp\/v2\/media\/3948"}],"wp:attachment":[{"href":"https:\/\/pinedesign.nl\/de\/wp-json\/wp\/v2\/media?parent=7505"}],"wp:term":[{"taxonomy":"product_brand","embeddable":true,"href":"https:\/\/pinedesign.nl\/de\/wp-json\/wp\/v2\/product_brand?post=7505"},{"taxonomy":"product_cat","embeddable":true,"href":"https:\/\/pinedesign.nl\/de\/wp-json\/wp\/v2\/product_cat?post=7505"},{"taxonomy":"product_tag","embeddable":true,"href":"https:\/\/pinedesign.nl\/de\/wp-json\/wp\/v2\/product_tag?post=7505"}],"curies":[{"name":"wp","href":"https:\/\/api.w.org\/{rel}","templated":true}]}}