{"id":7496,"date":"2023-09-11T12:38:51","date_gmt":"2023-09-11T12:38:51","guid":{"rendered":"https:\/\/pinedesign.nl\/product\/schrank-seattle\/"},"modified":"2023-09-11T12:38:51","modified_gmt":"2023-09-11T12:38:51","slug":"schrank-seattle","status":"publish","type":"product","link":"https:\/\/pinedesign.nl\/de\/product\/schrank-seattle\/","title":{"rendered":"Schrank Seattle"},"content":{"rendered":"<p>Handgefertigte Metall-Vitrine Seattle von New Routz mit 4 T\u00fcren in Vintage-Schwarz mit wei\u00dfer Innenseite. Die oberen T\u00fcren sind mit Klarglas ausgestattet, im Inneren befinden sich 3 Metall-Einlegeb\u00f6den. Diese Vitrine ist auch in Wei\u00df, Terra oder Grau erh\u00e4ltlich.  <\/p>\n<p>H 220 x B 92 x T 42 cm.<\/p>\n","protected":false},"excerpt":{"rendered":"<p>Handgefertigte Metall-Vitrine Seattle von New Routz mit 4 T\u00fcren in Vintage-Schwarz mit wei\u00dfer Innenseite. Die oberen T\u00fcren sind mit Klarglas ausgestattet, im Inneren befinden sich 3 Metall-Einlegeb\u00f6den. Diese Vitrine ist auch in Wei\u00df, Terra oder Grau erh\u00e4ltlich.  <\/p>\n<p>H 220 x B 92 x T 42 cm.<\/p>\n","protected":false},"featured_media":3942,"template":"","meta":{"_joinchat":[]},"product_brand":[],"product_cat":[115,131],"product_tag":[],"class_list":{"0":"post-7496","1":"product","2":"type-product","3":"status-publish","4":"has-post-thumbnail","6":"product_cat-schranke","7":"product_cat-wandschranke","9":"first","10":"instock","11":"shipping-taxable","12":"product-type-simple"},"_links":{"self":[{"href":"https:\/\/pinedesign.nl\/de\/wp-json\/wp\/v2\/product\/7496","targetHints":{"allow":["GET"]}}],"collection":[{"href":"https:\/\/pinedesign.nl\/de\/wp-json\/wp\/v2\/product"}],"about":[{"href":"https:\/\/pinedesign.nl\/de\/wp-json\/wp\/v2\/types\/product"}],"wp:featuredmedia":[{"embeddable":true,"href":"https:\/\/pinedesign.nl\/de\/wp-json\/wp\/v2\/media\/3942"}],"wp:attachment":[{"href":"https:\/\/pinedesign.nl\/de\/wp-json\/wp\/v2\/media?parent=7496"}],"wp:term":[{"taxonomy":"product_brand","embeddable":true,"href":"https:\/\/pinedesign.nl\/de\/wp-json\/wp\/v2\/product_brand?post=7496"},{"taxonomy":"product_cat","embeddable":true,"href":"https:\/\/pinedesign.nl\/de\/wp-json\/wp\/v2\/product_cat?post=7496"},{"taxonomy":"product_tag","embeddable":true,"href":"https:\/\/pinedesign.nl\/de\/wp-json\/wp\/v2\/product_tag?post=7496"}],"curies":[{"name":"wp","href":"https:\/\/api.w.org\/{rel}","templated":true}]}}