{"id":7488,"date":"2023-09-11T12:31:43","date_gmt":"2023-09-11T12:31:43","guid":{"rendered":"https:\/\/pinedesign.nl\/product\/schrank-detroit\/"},"modified":"2023-09-11T12:31:43","modified_gmt":"2023-09-11T12:31:43","slug":"schrank-detroit","status":"publish","type":"product","link":"https:\/\/pinedesign.nl\/de\/product\/schrank-detroit\/","title":{"rendered":"Schrank Detroit"},"content":{"rendered":"<p>Entdecke unsere wundersch\u00f6ne, handgefertigte Metall-Vitrine Detroit von New Routz mit 4 T\u00fcren \u2013 ein elegantes M\u00f6belst\u00fcck, das sowohl stilvoll als auch funktional ist. Dieser raffinierte Schrank wurde entworfen, um deine kostbaren Besitzt\u00fcmer ins Rampenlicht zu r\u00fccken und bietet die perfekte Balance zwischen Stauraum und \u00c4sthetik. <\/p>\n<p>Die Vitrine Detroit ist in Vintage-Schwarz, Olivgr\u00fcn, Terra, Sandfarben und komplett in Wei\u00df lieferbar.<\/p>\n<p>H 240 x B 95 x T 47 cm.<\/p>\n","protected":false},"excerpt":{"rendered":"<p>Entdecke unsere wundersch\u00f6ne, handgefertigte Metall-Vitrine Detroit von New Routz mit 4 T\u00fcren \u2013 ein elegantes M\u00f6belst\u00fcck, das sowohl stilvoll als auch funktional ist. Dieser raffinierte Schrank wurde entworfen, um deine kostbaren Besitzt\u00fcmer ins Rampenlicht zu r\u00fccken und bietet die perfekte Balance zwischen Stauraum und \u00c4sthetik. <\/p>\n<p>Die Vitrine Detroit ist in Vintage-Schwarz, Olivgr\u00fcn, Terra, Sandfarben und komplett in Wei\u00df lieferbar.<\/p>\n<p>H 240 x B 95 x T 47 cm.<\/p>\n","protected":false},"featured_media":3935,"template":"","meta":{"_joinchat":[]},"product_brand":[],"product_cat":[115,131],"product_tag":[],"class_list":{"0":"post-7488","1":"product","2":"type-product","3":"status-publish","4":"has-post-thumbnail","6":"product_cat-schranke","7":"product_cat-wandschranke","9":"first","10":"instock","11":"shipping-taxable","12":"product-type-simple"},"_links":{"self":[{"href":"https:\/\/pinedesign.nl\/de\/wp-json\/wp\/v2\/product\/7488","targetHints":{"allow":["GET"]}}],"collection":[{"href":"https:\/\/pinedesign.nl\/de\/wp-json\/wp\/v2\/product"}],"about":[{"href":"https:\/\/pinedesign.nl\/de\/wp-json\/wp\/v2\/types\/product"}],"wp:featuredmedia":[{"embeddable":true,"href":"https:\/\/pinedesign.nl\/de\/wp-json\/wp\/v2\/media\/3935"}],"wp:attachment":[{"href":"https:\/\/pinedesign.nl\/de\/wp-json\/wp\/v2\/media?parent=7488"}],"wp:term":[{"taxonomy":"product_brand","embeddable":true,"href":"https:\/\/pinedesign.nl\/de\/wp-json\/wp\/v2\/product_brand?post=7488"},{"taxonomy":"product_cat","embeddable":true,"href":"https:\/\/pinedesign.nl\/de\/wp-json\/wp\/v2\/product_cat?post=7488"},{"taxonomy":"product_tag","embeddable":true,"href":"https:\/\/pinedesign.nl\/de\/wp-json\/wp\/v2\/product_tag?post=7488"}],"curies":[{"name":"wp","href":"https:\/\/api.w.org\/{rel}","templated":true}]}}