{"id":7480,"date":"2023-09-08T12:37:08","date_gmt":"2023-09-08T12:37:08","guid":{"rendered":"https:\/\/pinedesign.nl\/product\/esszimmerstuhl-kiq-mit-armlehne\/"},"modified":"2023-09-08T12:37:08","modified_gmt":"2023-09-08T12:37:08","slug":"esszimmerstuhl-kiq-mit-armlehne","status":"publish","type":"product","link":"https:\/\/pinedesign.nl\/de\/product\/esszimmerstuhl-kiq-mit-armlehne\/","title":{"rendered":"Esszimmerstuhl Kiq mit Armlehne"},"content":{"rendered":"<p>Das Geheimnis des (drehbaren) Esszimmerstuhls Kiq mit Armlehne liegt im Inneren. Eine gut proportionierte Schale aus laminiertem Buchenholz sorgt f\u00fcr tollen Sitzkomfort, ohne dass dicke Schaumstoffschichten n\u00f6tig sind. Dadurch beh\u00e4lt der Stuhl seine schlanke Optik  <\/p>\n<p>In verschiedenen Stoff- und Lederarten erh\u00e4ltlich. Komm bei uns vorbei, um dir alle M\u00f6glichkeiten anzusehen. <\/p>\n","protected":false},"excerpt":{"rendered":"<p>Das Geheimnis des (drehbaren) Esszimmerstuhls Kiq mit Armlehne liegt im Inneren. Eine gut proportionierte Schale aus laminiertem Buchenholz sorgt f\u00fcr tollen Sitzkomfort, ohne dass dicke Schaumstoffschichten n\u00f6tig sind. Dadurch beh\u00e4lt der Stuhl seine schlanke Optik.  <\/p>\n<p>In verschiedenen Stoff- und Lederarten erh\u00e4ltlich. Komm bei uns vorbei, um dir alle M\u00f6glichkeiten anzusehen. <\/p>\n","protected":false},"featured_media":3736,"template":"","meta":{"_joinchat":[]},"product_brand":[],"product_cat":[128,124,107],"product_tag":[],"class_list":{"0":"post-7480","1":"product","2":"type-product","3":"status-publish","4":"has-post-thumbnail","6":"product_cat-esszimmerstuhle","7":"product_cat-sitzmobel","8":"product_cat-nicht-kategorisiert","10":"first","11":"instock","12":"shipping-taxable","13":"product-type-simple"},"_links":{"self":[{"href":"https:\/\/pinedesign.nl\/de\/wp-json\/wp\/v2\/product\/7480","targetHints":{"allow":["GET"]}}],"collection":[{"href":"https:\/\/pinedesign.nl\/de\/wp-json\/wp\/v2\/product"}],"about":[{"href":"https:\/\/pinedesign.nl\/de\/wp-json\/wp\/v2\/types\/product"}],"wp:featuredmedia":[{"embeddable":true,"href":"https:\/\/pinedesign.nl\/de\/wp-json\/wp\/v2\/media\/3736"}],"wp:attachment":[{"href":"https:\/\/pinedesign.nl\/de\/wp-json\/wp\/v2\/media?parent=7480"}],"wp:term":[{"taxonomy":"product_brand","embeddable":true,"href":"https:\/\/pinedesign.nl\/de\/wp-json\/wp\/v2\/product_brand?post=7480"},{"taxonomy":"product_cat","embeddable":true,"href":"https:\/\/pinedesign.nl\/de\/wp-json\/wp\/v2\/product_cat?post=7480"},{"taxonomy":"product_tag","embeddable":true,"href":"https:\/\/pinedesign.nl\/de\/wp-json\/wp\/v2\/product_tag?post=7480"}],"curies":[{"name":"wp","href":"https:\/\/api.w.org\/{rel}","templated":true}]}}