{"id":7479,"date":"2023-09-08T13:36:47","date_gmt":"2023-09-08T13:36:47","guid":{"rendered":"https:\/\/pinedesign.nl\/product\/sofa-storm\/"},"modified":"2023-09-08T13:36:47","modified_gmt":"2023-09-08T13:36:47","slug":"sofa-storm","status":"publish","type":"product","link":"https:\/\/pinedesign.nl\/de\/product\/sofa-storm\/","title":{"rendered":"Sofa Storm"},"content":{"rendered":"<p>Das Modell Storm von Dyyk erh\u00e4lt durch die breiten Armlehnen einen markanten Charakter, ohne Kompromisse beim Sitzkomfort einzugehen.<\/p>\n<p>Das Sofa Storm ist in verschiedenen Stoffen und Ausf\u00fchrungen erh\u00e4ltlich. Komm bei uns vorbei, um dir alle M\u00f6glichkeiten anzusehen. <\/p>\n","protected":false},"excerpt":{"rendered":"<p>Das Modell Storm von Dyyk erh\u00e4lt durch die breiten Armlehnen einen markanten Charakter, ohne Kompromisse beim Sitzkomfort einzugehen.<\/p>\n<p>Das Sofa Storm ist in verschiedenen Stoffen und Ausf\u00fchrungen erh\u00e4ltlich. Komm bei uns vorbei, um dir alle M\u00f6glichkeiten anzusehen. <\/p>\n","protected":false},"featured_media":3769,"template":"","meta":{"_joinchat":[]},"product_brand":[],"product_cat":[137,136,124,125,134],"product_tag":[],"class_list":{"0":"post-7479","1":"product","2":"type-product","3":"status-publish","4":"has-post-thumbnail","6":"product_cat-dyyk","7":"product_cat-marken","8":"product_cat-sitzmobel","9":"product_cat-sofa","10":"product_cat-sofas","12":"first","13":"instock","14":"shipping-taxable","15":"product-type-simple"},"_links":{"self":[{"href":"https:\/\/pinedesign.nl\/de\/wp-json\/wp\/v2\/product\/7479","targetHints":{"allow":["GET"]}}],"collection":[{"href":"https:\/\/pinedesign.nl\/de\/wp-json\/wp\/v2\/product"}],"about":[{"href":"https:\/\/pinedesign.nl\/de\/wp-json\/wp\/v2\/types\/product"}],"wp:featuredmedia":[{"embeddable":true,"href":"https:\/\/pinedesign.nl\/de\/wp-json\/wp\/v2\/media\/3769"}],"wp:attachment":[{"href":"https:\/\/pinedesign.nl\/de\/wp-json\/wp\/v2\/media?parent=7479"}],"wp:term":[{"taxonomy":"product_brand","embeddable":true,"href":"https:\/\/pinedesign.nl\/de\/wp-json\/wp\/v2\/product_brand?post=7479"},{"taxonomy":"product_cat","embeddable":true,"href":"https:\/\/pinedesign.nl\/de\/wp-json\/wp\/v2\/product_cat?post=7479"},{"taxonomy":"product_tag","embeddable":true,"href":"https:\/\/pinedesign.nl\/de\/wp-json\/wp\/v2\/product_tag?post=7479"}],"curies":[{"name":"wp","href":"https:\/\/api.w.org\/{rel}","templated":true}]}}