{"id":7474,"date":"2023-09-08T12:31:49","date_gmt":"2023-09-08T12:31:49","guid":{"rendered":"https:\/\/pinedesign.nl\/product\/esszimmerstuhl-kiq\/"},"modified":"2023-09-08T12:31:49","modified_gmt":"2023-09-08T12:31:49","slug":"esszimmerstuhl-kiq","status":"publish","type":"product","link":"https:\/\/pinedesign.nl\/de\/product\/esszimmerstuhl-kiq\/","title":{"rendered":"Esszimmerstuhl Kiq"},"content":{"rendered":"<p>Das Geheimnis des (drehbaren) Esszimmerstuhls Kiq liegt im Inneren. Eine wohlproportionierte Schale aus Buchensperrholz sorgt f\u00fcr hervorragenden Sitzkomfort, ohne dass dicke Schaumstoffschichten n\u00f6tig sind. Dadurch beh\u00e4lt der Stuhl seine schlanke Optik.  <\/p>\n<p>In verschiedenen Stoff- und Lederarten erh\u00e4ltlich. Komm bei uns vorbei, um dir alle M\u00f6glichkeiten anzusehen. <\/p>\n","protected":false},"excerpt":{"rendered":"<p>Das Geheimnis des (drehbaren) Esszimmerstuhls Kiq liegt im Inneren. Eine wohlproportionierte Schale aus Buchensperrholz sorgt f\u00fcr hervorragenden Sitzkomfort, ohne dass dicke Schaumstoffschichten n\u00f6tig sind. Dadurch beh\u00e4lt der Stuhl seine schlanke Optik.  <\/p>\n<p>In verschiedenen Stoff- und Lederarten erh\u00e4ltlich. Komm bei uns vorbei, um dir alle M\u00f6glichkeiten anzusehen. <\/p>\n","protected":false},"featured_media":3733,"template":"","meta":{"_joinchat":[]},"product_brand":[],"product_cat":[128,124],"product_tag":[],"class_list":{"0":"post-7474","1":"product","2":"type-product","3":"status-publish","4":"has-post-thumbnail","6":"product_cat-esszimmerstuhle","7":"product_cat-sitzmobel","9":"first","10":"instock","11":"shipping-taxable","12":"product-type-simple"},"_links":{"self":[{"href":"https:\/\/pinedesign.nl\/de\/wp-json\/wp\/v2\/product\/7474","targetHints":{"allow":["GET"]}}],"collection":[{"href":"https:\/\/pinedesign.nl\/de\/wp-json\/wp\/v2\/product"}],"about":[{"href":"https:\/\/pinedesign.nl\/de\/wp-json\/wp\/v2\/types\/product"}],"wp:featuredmedia":[{"embeddable":true,"href":"https:\/\/pinedesign.nl\/de\/wp-json\/wp\/v2\/media\/3733"}],"wp:attachment":[{"href":"https:\/\/pinedesign.nl\/de\/wp-json\/wp\/v2\/media?parent=7474"}],"wp:term":[{"taxonomy":"product_brand","embeddable":true,"href":"https:\/\/pinedesign.nl\/de\/wp-json\/wp\/v2\/product_brand?post=7474"},{"taxonomy":"product_cat","embeddable":true,"href":"https:\/\/pinedesign.nl\/de\/wp-json\/wp\/v2\/product_cat?post=7474"},{"taxonomy":"product_tag","embeddable":true,"href":"https:\/\/pinedesign.nl\/de\/wp-json\/wp\/v2\/product_tag?post=7474"}],"curies":[{"name":"wp","href":"https:\/\/api.w.org\/{rel}","templated":true}]}}