{"id":7470,"date":"2023-09-08T12:16:06","date_gmt":"2023-09-08T12:16:06","guid":{"rendered":"https:\/\/pinedesign.nl\/product\/esszimmerstuhl-butterfly-mit-armlehne\/"},"modified":"2023-09-08T12:16:06","modified_gmt":"2023-09-08T12:16:06","slug":"esszimmerstuhl-butterfly-mit-armlehne","status":"publish","type":"product","link":"https:\/\/pinedesign.nl\/de\/product\/esszimmerstuhl-butterfly-mit-armlehne\/","title":{"rendered":"Esszimmerstuhl Butterfly mit Armlehne"},"content":{"rendered":"<p>Der Butterfly mit Armlehne ist ein eleganter Esszimmerstuhl, der ultimativen Komfort mit Vielseitigkeit verbindet. Mit seiner gro\u00dfz\u00fcgigen Sitzschale, die sowohl mit als auch ohne Armlehnen erh\u00e4ltlich ist, bietet er ein luxuri\u00f6ses Sitzerlebnis. Zudem kannst du den Butterfly nach deinen W\u00fcnschen anpassen, denn neben der drehbaren Variante ist er auch mit festen Beinen oder einem grazilen Kufengestell erh\u00e4ltlich. Lass den Butterfly dein Esszimmer in einen Ort voller Komfort und Stil verwandeln.   <\/p>\n<p>In verschiedenen Stoff- und Lederarten lieferbar. Komm bei uns vorbei, um dir alle M\u00f6glichkeiten anzusehen. <\/p>\n","protected":false},"excerpt":{"rendered":"<p>Der Butterfly mit Armlehne ist ein eleganter Esszimmerstuhl, der ultimativen Komfort mit Vielseitigkeit verbindet. Mit seiner gro\u00dfz\u00fcgigen Sitzschale, die sowohl mit als auch ohne Armlehnen erh\u00e4ltlich ist, bietet er ein luxuri\u00f6ses Sitzerlebnis. Zudem kannst du den Butterfly nach deinen W\u00fcnschen anpassen, denn neben der drehbaren Variante ist er auch mit festen Beinen oder einem grazilen Kufengestell erh\u00e4ltlich. Lass den Butterfly dein Esszimmer in einen Ort voller Komfort und Stil verwandeln.   <\/p>\n<p>In verschiedenen Stoff- und Lederarten lieferbar. Komm bei uns vorbei, um dir alle M\u00f6glichkeiten anzusehen. <\/p>\n","protected":false},"featured_media":3725,"template":"","meta":{"_joinchat":[]},"product_brand":[],"product_cat":[128,124],"product_tag":[],"class_list":{"0":"post-7470","1":"product","2":"type-product","3":"status-publish","4":"has-post-thumbnail","6":"product_cat-esszimmerstuhle","7":"product_cat-sitzmobel","9":"first","10":"instock","11":"shipping-taxable","12":"product-type-simple"},"_links":{"self":[{"href":"https:\/\/pinedesign.nl\/de\/wp-json\/wp\/v2\/product\/7470","targetHints":{"allow":["GET"]}}],"collection":[{"href":"https:\/\/pinedesign.nl\/de\/wp-json\/wp\/v2\/product"}],"about":[{"href":"https:\/\/pinedesign.nl\/de\/wp-json\/wp\/v2\/types\/product"}],"wp:featuredmedia":[{"embeddable":true,"href":"https:\/\/pinedesign.nl\/de\/wp-json\/wp\/v2\/media\/3725"}],"wp:attachment":[{"href":"https:\/\/pinedesign.nl\/de\/wp-json\/wp\/v2\/media?parent=7470"}],"wp:term":[{"taxonomy":"product_brand","embeddable":true,"href":"https:\/\/pinedesign.nl\/de\/wp-json\/wp\/v2\/product_brand?post=7470"},{"taxonomy":"product_cat","embeddable":true,"href":"https:\/\/pinedesign.nl\/de\/wp-json\/wp\/v2\/product_cat?post=7470"},{"taxonomy":"product_tag","embeddable":true,"href":"https:\/\/pinedesign.nl\/de\/wp-json\/wp\/v2\/product_tag?post=7470"}],"curies":[{"name":"wp","href":"https:\/\/api.w.org\/{rel}","templated":true}]}}