{"id":7464,"date":"2023-09-08T13:07:00","date_gmt":"2023-09-08T13:07:00","guid":{"rendered":"https:\/\/pinedesign.nl\/product\/sessel-jake\/"},"modified":"2023-09-08T13:07:00","modified_gmt":"2023-09-08T13:07:00","slug":"sessel-jake","status":"publish","type":"product","link":"https:\/\/pinedesign.nl\/de\/product\/sessel-jake\/","title":{"rendered":"Sessel Jake"},"content":{"rendered":"<p>Der Drehsessel Jake von Bree&#8217;s New World. Ein ger\u00e4umiger Drehsessel in modernem Design, der durch seine kraftvollen Formen besticht. F\u00fcr maximalen Sitzkomfort und Entspannung ist zu diesem Drehsessel auch ein Hocker erh\u00e4ltlich.  <\/p>\n<p>In verschiedenen Stoff- und Lederarten erh\u00e4ltlich. Komm bei uns vorbei, um dir alle M\u00f6glichkeiten anzusehen. <\/p>\n","protected":false},"excerpt":{"rendered":"<p>Der Drehsessel Jake von Bree&#8217;s New World. Ein ger\u00e4umiger Drehsessel in modernem Design, der durch seine kraftvollen Formen besticht. F\u00fcr maximalen Sitzkomfort und Entspannung ist zu diesem Drehsessel auch ein Hocker erh\u00e4ltlich.  <\/p>\n<p>In verschiedenen Stoff- und Lederarten erh\u00e4ltlich. Komm bei uns vorbei, um dir alle M\u00f6glichkeiten anzusehen. <\/p>\n","protected":false},"featured_media":3752,"template":"","meta":{"_joinchat":[]},"product_brand":[],"product_cat":[130,124,107],"product_tag":[],"class_list":{"0":"post-7464","1":"product","2":"type-product","3":"status-publish","4":"has-post-thumbnail","6":"product_cat-sessel","7":"product_cat-sitzmobel","8":"product_cat-nicht-kategorisiert","10":"first","11":"instock","12":"shipping-taxable","13":"product-type-simple"},"_links":{"self":[{"href":"https:\/\/pinedesign.nl\/de\/wp-json\/wp\/v2\/product\/7464","targetHints":{"allow":["GET"]}}],"collection":[{"href":"https:\/\/pinedesign.nl\/de\/wp-json\/wp\/v2\/product"}],"about":[{"href":"https:\/\/pinedesign.nl\/de\/wp-json\/wp\/v2\/types\/product"}],"wp:featuredmedia":[{"embeddable":true,"href":"https:\/\/pinedesign.nl\/de\/wp-json\/wp\/v2\/media\/3752"}],"wp:attachment":[{"href":"https:\/\/pinedesign.nl\/de\/wp-json\/wp\/v2\/media?parent=7464"}],"wp:term":[{"taxonomy":"product_brand","embeddable":true,"href":"https:\/\/pinedesign.nl\/de\/wp-json\/wp\/v2\/product_brand?post=7464"},{"taxonomy":"product_cat","embeddable":true,"href":"https:\/\/pinedesign.nl\/de\/wp-json\/wp\/v2\/product_cat?post=7464"},{"taxonomy":"product_tag","embeddable":true,"href":"https:\/\/pinedesign.nl\/de\/wp-json\/wp\/v2\/product_tag?post=7464"}],"curies":[{"name":"wp","href":"https:\/\/api.w.org\/{rel}","templated":true}]}}