{"id":7463,"date":"2023-09-08T12:14:11","date_gmt":"2023-09-08T12:14:11","guid":{"rendered":"https:\/\/pinedesign.nl\/product\/esszimmerstuhl-butterfly\/"},"modified":"2023-09-08T12:14:11","modified_gmt":"2023-09-08T12:14:11","slug":"esszimmerstuhl-butterfly","status":"publish","type":"product","link":"https:\/\/pinedesign.nl\/de\/product\/esszimmerstuhl-butterfly\/","title":{"rendered":"Esszimmerstuhl Butterfly"},"content":{"rendered":"<p>Der Butterfly ist ein eleganter Esszimmerstuhl, der ultimativen Komfort mit Vielseitigkeit kombiniert. Mit seiner ger\u00e4umigen Sitzschale, die sowohl mit als auch ohne Armlehnen erh\u00e4ltlich ist, bietet er ein luxuri\u00f6ses Sitzerlebnis. Zudem kannst du den Butterfly an deine pers\u00f6nlichen Vorlieben anpassen, denn neben der drehbaren Variante ist er auch mit festen Beinen oder einem grazilen Kufengestell erh\u00e4ltlich. Lass den Butterfly dein Esszimmer in einen Ort voller Komfort und Stil verwandeln.   <\/p>\n<p>In verschiedenen Stoff- und Lederarten lieferbar. Besuche uns, um alle M\u00f6glichkeiten zu entdecken. <\/p>\n","protected":false},"excerpt":{"rendered":"<p>Der Butterfly ist ein eleganter Esszimmerstuhl, der ultimativen Komfort mit Vielseitigkeit kombiniert. Mit seiner ger\u00e4umigen Sitzschale, die sowohl mit als auch ohne Armlehnen erh\u00e4ltlich ist, bietet er ein luxuri\u00f6ses Sitzerlebnis. Zudem kannst du den Butterfly an deine pers\u00f6nlichen Vorlieben anpassen, denn neben der drehbaren Variante ist er auch mit festen Beinen oder einem grazilen Kufengestell erh\u00e4ltlich. Lass den Butterfly dein Esszimmer in einen Ort voller Komfort und Stil verwandeln.   <\/p>\n<p>In verschiedenen Stoff- und Lederarten lieferbar. Besuche uns, um alle M\u00f6glichkeiten zu entdecken. <\/p>\n","protected":false},"featured_media":3721,"template":"","meta":{"_joinchat":[]},"product_brand":[],"product_cat":[128,124],"product_tag":[],"class_list":{"0":"post-7463","1":"product","2":"type-product","3":"status-publish","4":"has-post-thumbnail","6":"product_cat-esszimmerstuhle","7":"product_cat-sitzmobel","9":"first","10":"instock","11":"shipping-taxable","12":"product-type-simple"},"_links":{"self":[{"href":"https:\/\/pinedesign.nl\/de\/wp-json\/wp\/v2\/product\/7463","targetHints":{"allow":["GET"]}}],"collection":[{"href":"https:\/\/pinedesign.nl\/de\/wp-json\/wp\/v2\/product"}],"about":[{"href":"https:\/\/pinedesign.nl\/de\/wp-json\/wp\/v2\/types\/product"}],"wp:featuredmedia":[{"embeddable":true,"href":"https:\/\/pinedesign.nl\/de\/wp-json\/wp\/v2\/media\/3721"}],"wp:attachment":[{"href":"https:\/\/pinedesign.nl\/de\/wp-json\/wp\/v2\/media?parent=7463"}],"wp:term":[{"taxonomy":"product_brand","embeddable":true,"href":"https:\/\/pinedesign.nl\/de\/wp-json\/wp\/v2\/product_brand?post=7463"},{"taxonomy":"product_cat","embeddable":true,"href":"https:\/\/pinedesign.nl\/de\/wp-json\/wp\/v2\/product_cat?post=7463"},{"taxonomy":"product_tag","embeddable":true,"href":"https:\/\/pinedesign.nl\/de\/wp-json\/wp\/v2\/product_tag?post=7463"}],"curies":[{"name":"wp","href":"https:\/\/api.w.org\/{rel}","templated":true}]}}