{"id":7457,"date":"2023-09-08T13:02:00","date_gmt":"2023-09-08T13:02:00","guid":{"rendered":"https:\/\/pinedesign.nl\/product\/esstisch-thor\/"},"modified":"2023-09-08T13:02:00","modified_gmt":"2023-09-08T13:02:00","slug":"esstisch-thor","status":"publish","type":"product","link":"https:\/\/pinedesign.nl\/de\/product\/esstisch-thor\/","title":{"rendered":"Esstisch Thor"},"content":{"rendered":"<div class=\"columns\">\n<div class=\"column column-1\">\n<div class=\"column-in\">\n<div class=\"component-group component-group-1 component-group-flexible\">\n<div class=\"component mb-15 \">\n<div class=\"text text-2 fw-400 text-left clr-grey-1\">\n<p>Esstisch Thor ist ein d\u00e4nisch-ovaler Esstisch mit Mittelfu\u00df, der sich ideal mit einer Sitzbank kombinieren l\u00e4sst.<\/p>\n<p>In verschiedenen Gr\u00f6\u00dfen, Farben und Materialien erh\u00e4ltlich. Komm vorbei und sieh dir alle M\u00f6glichkeiten an. <\/p>\n<\/div>\n<\/div>\n<\/div>\n<\/div>\n<\/div>\n<\/div>\n","protected":false},"excerpt":{"rendered":"<p>Esstisch Thor ist ein d\u00e4nisch-ovaler Esstisch mit Mittelfu\u00df, der sich ideal mit einer Sitzbank kombinieren l\u00e4sst.<\/p>\n<p>In verschiedenen Gr\u00f6\u00dfen, Farben und Materialien erh\u00e4ltlich. Komm vorbei und sieh dir alle M\u00f6glichkeiten an. <\/p>\n","protected":false},"featured_media":3748,"template":"","meta":{"_joinchat":[]},"product_brand":[],"product_cat":[122,121],"product_tag":[],"class_list":{"0":"post-7457","1":"product","2":"type-product","3":"status-publish","4":"has-post-thumbnail","6":"product_cat-esstische","7":"product_cat-tische","9":"first","10":"instock","11":"shipping-taxable","12":"product-type-simple"},"_links":{"self":[{"href":"https:\/\/pinedesign.nl\/de\/wp-json\/wp\/v2\/product\/7457","targetHints":{"allow":["GET"]}}],"collection":[{"href":"https:\/\/pinedesign.nl\/de\/wp-json\/wp\/v2\/product"}],"about":[{"href":"https:\/\/pinedesign.nl\/de\/wp-json\/wp\/v2\/types\/product"}],"wp:featuredmedia":[{"embeddable":true,"href":"https:\/\/pinedesign.nl\/de\/wp-json\/wp\/v2\/media\/3748"}],"wp:attachment":[{"href":"https:\/\/pinedesign.nl\/de\/wp-json\/wp\/v2\/media?parent=7457"}],"wp:term":[{"taxonomy":"product_brand","embeddable":true,"href":"https:\/\/pinedesign.nl\/de\/wp-json\/wp\/v2\/product_brand?post=7457"},{"taxonomy":"product_cat","embeddable":true,"href":"https:\/\/pinedesign.nl\/de\/wp-json\/wp\/v2\/product_cat?post=7457"},{"taxonomy":"product_tag","embeddable":true,"href":"https:\/\/pinedesign.nl\/de\/wp-json\/wp\/v2\/product_tag?post=7457"}],"curies":[{"name":"wp","href":"https:\/\/api.w.org\/{rel}","templated":true}]}}