{"id":7452,"date":"2023-09-07T14:30:15","date_gmt":"2023-09-07T14:30:15","guid":{"rendered":"https:\/\/pinedesign.nl\/product\/sessel-toon\/"},"modified":"2023-09-07T14:30:15","modified_gmt":"2023-09-07T14:30:15","slug":"sessel-toon","status":"publish","type":"product","link":"https:\/\/pinedesign.nl\/de\/product\/sessel-toon\/","title":{"rendered":"Sessel Toon"},"content":{"rendered":"<p>Frisch, robust und elegant \u2013 das ist der Sessel Toon von Cartel Living. Ein herrlicher Sessel zum Kombinieren mit einem Sofa. Oder um ihn in eine Ecke zu stellen und sich darin einzukuscheln. Die Armlehne aus Eichenholz ist in zwei Ausf\u00fchrungen erh\u00e4ltlich: Schwarz und Natur. Das schwarze Gestell l\u00e4sst sich leicht in jede Einrichtung integrieren.    <\/p>\n<p>In verschiedenen Stoff- und Lederarten erh\u00e4ltlich. Komm bei uns vorbei, um dir alle M\u00f6glichkeiten anzusehen. <\/p>\n","protected":false},"excerpt":{"rendered":"<p>Frisch, robust und elegant \u2013 das ist der Sessel Toon von Cartel Living. Ein herrlicher Sessel zum Kombinieren mit einem Sofa. Oder um ihn in eine Ecke zu stellen und sich darin einzukuscheln. Die Armlehne aus Eichenholz ist in zwei Ausf\u00fchrungen erh\u00e4ltlich: Schwarz und Natur. Das schwarze Gestell l\u00e4sst sich leicht in jede Einrichtung integrieren.    <\/p>\n<p>In verschiedenen Stoff- und Lederarten erh\u00e4ltlich. Komm bei uns vorbei, um dir alle M\u00f6glichkeiten anzusehen. <\/p>\n","protected":false},"featured_media":3696,"template":"","meta":{"_joinchat":[]},"product_brand":[],"product_cat":[133,130,124],"product_tag":[],"class_list":{"0":"post-7452","1":"product","2":"type-product","3":"status-publish","4":"has-post-thumbnail","6":"product_cat-cartel-living","7":"product_cat-sessel","8":"product_cat-sitzmobel","10":"first","11":"instock","12":"shipping-taxable","13":"product-type-simple"},"_links":{"self":[{"href":"https:\/\/pinedesign.nl\/de\/wp-json\/wp\/v2\/product\/7452","targetHints":{"allow":["GET"]}}],"collection":[{"href":"https:\/\/pinedesign.nl\/de\/wp-json\/wp\/v2\/product"}],"about":[{"href":"https:\/\/pinedesign.nl\/de\/wp-json\/wp\/v2\/types\/product"}],"wp:featuredmedia":[{"embeddable":true,"href":"https:\/\/pinedesign.nl\/de\/wp-json\/wp\/v2\/media\/3696"}],"wp:attachment":[{"href":"https:\/\/pinedesign.nl\/de\/wp-json\/wp\/v2\/media?parent=7452"}],"wp:term":[{"taxonomy":"product_brand","embeddable":true,"href":"https:\/\/pinedesign.nl\/de\/wp-json\/wp\/v2\/product_brand?post=7452"},{"taxonomy":"product_cat","embeddable":true,"href":"https:\/\/pinedesign.nl\/de\/wp-json\/wp\/v2\/product_cat?post=7452"},{"taxonomy":"product_tag","embeddable":true,"href":"https:\/\/pinedesign.nl\/de\/wp-json\/wp\/v2\/product_tag?post=7452"}],"curies":[{"name":"wp","href":"https:\/\/api.w.org\/{rel}","templated":true}]}}